{"id":35691,"date":"2026-01-01T15:24:46","date_gmt":"2026-01-01T14:24:46","guid":{"rendered":"https:\/\/www.rives-paris.com\/uncategorized\/costume-3-pieces-serge-laine-marron-fonce\/"},"modified":"2026-04-15T13:12:49","modified_gmt":"2026-04-15T11:12:49","slug":"costume-3-pieces-serge-laine-marron-fonce","status":"publish","type":"product","link":"https:\/\/www.rives-paris.com\/en\/tailor-made\/costume-3-pieces-serge-laine-marron-fonce\/","title":{"rendered":"Costume 3 Pi\u00e8ces Marron Fonc\u00e9"},"content":{"rendered":"","protected":false},"excerpt":{"rendered":"<p>Costume 3 pi\u00e8ces r\u00e9alis\u00e9 dans une serge de laine marron fonc\u00e9. Con\u00e7u pour \u00eatre port\u00e9 toute l\u2019ann\u00e9e, il se compose d\u2019une veste droite \u00e0 la coupe confortable, ferm\u00e9e par un bouton en tissu, un col classique \u00e0 crans de 9 cm et des poches \u00e0 rabats. Un gilet \u00e0 d\u00e9collet\u00e9 en V et \u00e0 bas droit. Le pantalon taille haute, \u00e0 double pinces, se termes par un bas fini simple.<\/p>\n","protected":false},"featured_media":35345,"template":"","meta":{"_acf_changed":false},"product_brand":[],"product_cat":[476,193,319],"product_tag":[556,554],"class_list":{"0":"post-35691","1":"product","2":"type-product","3":"status-publish","4":"has-post-thumbnail","6":"product_cat-3-piece","7":"product_cat-suits","8":"product_cat-tailor-made","9":"product_tag-4-saisons","10":"product_tag-mariage","12":"first","13":"instock","14":"taxable","15":"shipping-taxable","16":"purchasable","17":"product-type-variable"},"acf":[],"yoast_head":"<!-- This site is optimized with the Yoast SEO plugin v27.4 - https:\/\/yoast.com\/product\/yoast-seo-wordpress\/ -->\n<title>Costume 3 Pi\u00e8ces Sur-Mesure Serge de Laine Marron Fonc\u00e9 | RIVES Paris \u00a9<\/title>\n<meta name=\"description\" content=\"Costume 3 pi\u00e8ces r\u00e9alis\u00e9 dans une serge de laine marron fonc\u00e9. Con\u00e7u pour \u00eatre port\u00e9 toute l\u2019ann\u00e9e, il se compose d\u2019une veste droite \u00e0 la coupe confortable, ferm\u00e9e par un bouton en tissu, un col classique \u00e0 crans de 9 cm et des poches \u00e0 rabats. Un gilet \u00e0 d\u00e9collet\u00e9 en V et \u00e0 bas droit. Le pantalon taille haute, \u00e0 double pinces, se termes par un bas fini simple.\" \/>\n<meta name=\"robots\" content=\"index, follow, max-snippet:-1, max-image-preview:large, max-video-preview:-1\" \/>\n<link rel=\"canonical\" href=\"https:\/\/www.rives-paris.com\/en\/tailor-made\/costume-3-pieces-serge-laine-marron-fonce\/\" \/>\n<meta property=\"og:locale\" content=\"en_US\" \/>\n<meta property=\"og:type\" content=\"article\" \/>\n<meta property=\"og:title\" content=\"Costume 3 Pi\u00e8ces Sur-Mesure Serge de Laine Marron Fonc\u00e9 | RIVES Paris \u00a9\" \/>\n<meta property=\"og:description\" content=\"Costume 3 pi\u00e8ces r\u00e9alis\u00e9 dans une serge de laine marron fonc\u00e9. Con\u00e7u pour \u00eatre port\u00e9 toute l\u2019ann\u00e9e, il se compose d\u2019une veste droite \u00e0 la coupe confortable, ferm\u00e9e par un bouton en tissu, un col classique \u00e0 crans de 9 cm et des poches \u00e0 rabats. Un gilet \u00e0 d\u00e9collet\u00e9 en V et \u00e0 bas droit. Le pantalon taille haute, \u00e0 double pinces, se termes par un bas fini simple.\" \/>\n<meta property=\"og:url\" content=\"https:\/\/www.rives-paris.com\/en\/tailor-made\/costume-3-pieces-serge-laine-marron-fonce\/\" \/>\n<meta property=\"og:site_name\" content=\"RIVES PARIS \u00ae\" \/>\n<meta property=\"article:publisher\" content=\"https:\/\/www.facebook.com\/rives.paris\/\" \/>\n<meta property=\"article:modified_time\" content=\"2026-04-15T11:12:49+00:00\" \/>\n<meta property=\"og:image\" content=\"https:\/\/www.rives-paris.com\/wp-content\/uploads\/2026\/02\/LOOK_00051_1186-scaled.jpg\" \/>\n\t<meta property=\"og:image:width\" content=\"1707\" \/>\n\t<meta property=\"og:image:height\" content=\"2560\" \/>\n\t<meta property=\"og:image:type\" content=\"image\/jpeg\" \/>\n<meta name=\"twitter:card\" content=\"summary_large_image\" \/>\n<!-- \/ Yoast SEO plugin. -->","yoast_head_json":{"title":"Costume 3 Pi\u00e8ces Sur-Mesure Serge de Laine Marron Fonc\u00e9 | RIVES Paris \u00a9","description":"Costume 3 pi\u00e8ces r\u00e9alis\u00e9 dans une serge de laine marron fonc\u00e9. Con\u00e7u pour \u00eatre port\u00e9 toute l\u2019ann\u00e9e, il se compose d\u2019une veste droite \u00e0 la coupe confortable, ferm\u00e9e par un bouton en tissu, un col classique \u00e0 crans de 9 cm et des poches \u00e0 rabats. Un gilet \u00e0 d\u00e9collet\u00e9 en V et \u00e0 bas droit. Le pantalon taille haute, \u00e0 double pinces, se termes par un bas fini simple.","robots":{"index":"index","follow":"follow","max-snippet":"max-snippet:-1","max-image-preview":"max-image-preview:large","max-video-preview":"max-video-preview:-1"},"canonical":"https:\/\/www.rives-paris.com\/en\/tailor-made\/costume-3-pieces-serge-laine-marron-fonce\/","og_locale":"en_US","og_type":"article","og_title":"Costume 3 Pi\u00e8ces Sur-Mesure Serge de Laine Marron Fonc\u00e9 | RIVES Paris \u00a9","og_description":"Costume 3 pi\u00e8ces r\u00e9alis\u00e9 dans une serge de laine marron fonc\u00e9. Con\u00e7u pour \u00eatre port\u00e9 toute l\u2019ann\u00e9e, il se compose d\u2019une veste droite \u00e0 la coupe confortable, ferm\u00e9e par un bouton en tissu, un col classique \u00e0 crans de 9 cm et des poches \u00e0 rabats. Un gilet \u00e0 d\u00e9collet\u00e9 en V et \u00e0 bas droit. Le pantalon taille haute, \u00e0 double pinces, se termes par un bas fini simple.","og_url":"https:\/\/www.rives-paris.com\/en\/tailor-made\/costume-3-pieces-serge-laine-marron-fonce\/","og_site_name":"RIVES PARIS \u00ae","article_publisher":"https:\/\/www.facebook.com\/rives.paris\/","article_modified_time":"2026-04-15T11:12:49+00:00","og_image":[{"width":1707,"height":2560,"url":"https:\/\/www.rives-paris.com\/wp-content\/uploads\/2026\/02\/LOOK_00051_1186-scaled.jpg","type":"image\/jpeg"}],"twitter_card":"summary_large_image","schema":{"@context":"https:\/\/schema.org","@graph":[{"@type":"WebPage","@id":"https:\/\/www.rives-paris.com\/en\/tailor-made\/costume-3-pieces-serge-laine-marron-fonce\/","url":"https:\/\/www.rives-paris.com\/en\/tailor-made\/costume-3-pieces-serge-laine-marron-fonce\/","name":"Costume 3 Pi\u00e8ces Sur-Mesure Serge de Laine Marron Fonc\u00e9 | RIVES Paris \u00a9","isPartOf":{"@id":"https:\/\/www.rives-paris.com\/en\/#website"},"primaryImageOfPage":{"@id":"https:\/\/www.rives-paris.com\/en\/tailor-made\/costume-3-pieces-serge-laine-marron-fonce\/#primaryimage"},"image":{"@id":"https:\/\/www.rives-paris.com\/en\/tailor-made\/costume-3-pieces-serge-laine-marron-fonce\/#primaryimage"},"thumbnailUrl":"https:\/\/www.rives-paris.com\/wp-content\/uploads\/2026\/02\/LOOK_00051_1186-scaled.jpg","datePublished":"2026-01-01T14:24:46+00:00","dateModified":"2026-04-15T11:12:49+00:00","description":"Costume 3 pi\u00e8ces r\u00e9alis\u00e9 dans une serge de laine marron fonc\u00e9. Con\u00e7u pour \u00eatre port\u00e9 toute l\u2019ann\u00e9e, il se compose d\u2019une veste droite \u00e0 la coupe confortable, ferm\u00e9e par un bouton en tissu, un col classique \u00e0 crans de 9 cm et des poches \u00e0 rabats. Un gilet \u00e0 d\u00e9collet\u00e9 en V et \u00e0 bas droit. Le pantalon taille haute, \u00e0 double pinces, se termes par un bas fini simple.","breadcrumb":{"@id":"https:\/\/www.rives-paris.com\/en\/tailor-made\/costume-3-pieces-serge-laine-marron-fonce\/#breadcrumb"},"inLanguage":"en-US","potentialAction":[{"@type":"ReadAction","target":["https:\/\/www.rives-paris.com\/en\/tailor-made\/costume-3-pieces-serge-laine-marron-fonce\/"]}]},{"@type":"ImageObject","inLanguage":"en-US","@id":"https:\/\/www.rives-paris.com\/en\/tailor-made\/costume-3-pieces-serge-laine-marron-fonce\/#primaryimage","url":"https:\/\/www.rives-paris.com\/wp-content\/uploads\/2026\/02\/LOOK_00051_1186-scaled.jpg","contentUrl":"https:\/\/www.rives-paris.com\/wp-content\/uploads\/2026\/02\/LOOK_00051_1186-scaled.jpg","width":1707,"height":2560},{"@type":"BreadcrumbList","@id":"https:\/\/www.rives-paris.com\/en\/tailor-made\/costume-3-pieces-serge-laine-marron-fonce\/#breadcrumb","itemListElement":[{"@type":"ListItem","position":1,"name":"Home","item":"https:\/\/www.rives-paris.com\/en\/"},{"@type":"ListItem","position":2,"name":"Ready-to-wear","item":"https:\/\/www.rives-paris.com\/en\/ready-to-wear\/"},{"@type":"ListItem","position":3,"name":"Tailor Made","item":"https:\/\/www.rives-paris.com\/en\/tailor-made\/"},{"@type":"ListItem","position":4,"name":"Costume 3 Pi\u00e8ces Marron Fonc\u00e9"}]},{"@type":"WebSite","@id":"https:\/\/www.rives-paris.com\/en\/#website","url":"https:\/\/www.rives-paris.com\/en\/","name":"RIVES PARIS \u00ae","description":"RIVES Paris propose des costumes sur mesure, des chemises, des chaussures et des accessoires confectionn\u00e9s dans des ateliers traditionnels","publisher":{"@id":"https:\/\/www.rives-paris.com\/en\/#organization"},"potentialAction":[{"@type":"SearchAction","target":{"@type":"EntryPoint","urlTemplate":"https:\/\/www.rives-paris.com\/en\/?s={search_term_string}"},"query-input":{"@type":"PropertyValueSpecification","valueRequired":true,"valueName":"search_term_string"}}],"inLanguage":"en-US"},{"@type":"Organization","@id":"https:\/\/www.rives-paris.com\/en\/#organization","name":"RIVES Paris.","url":"https:\/\/www.rives-paris.com\/en\/","logo":{"@type":"ImageObject","inLanguage":"en-US","@id":"https:\/\/www.rives-paris.com\/en\/#\/schema\/logo\/image\/","url":"https:\/\/www.rives-paris.com\/wp-content\/uploads\/2022\/02\/LOGO-RIVES-PARIS.svg","contentUrl":"https:\/\/www.rives-paris.com\/wp-content\/uploads\/2022\/02\/LOGO-RIVES-PARIS.svg","width":1,"height":1,"caption":"RIVES Paris."},"image":{"@id":"https:\/\/www.rives-paris.com\/en\/#\/schema\/logo\/image\/"},"sameAs":["https:\/\/www.facebook.com\/rives.paris\/","https:\/\/www.instagram.com\/rives_paris\/?hl=fr"]}]}},"_links":{"self":[{"href":"https:\/\/www.rives-paris.com\/en\/wp-json\/wp\/v2\/product\/35691","targetHints":{"allow":["GET"]}}],"collection":[{"href":"https:\/\/www.rives-paris.com\/en\/wp-json\/wp\/v2\/product"}],"about":[{"href":"https:\/\/www.rives-paris.com\/en\/wp-json\/wp\/v2\/types\/product"}],"wp:featuredmedia":[{"embeddable":true,"href":"https:\/\/www.rives-paris.com\/en\/wp-json\/wp\/v2\/media\/35345"}],"wp:attachment":[{"href":"https:\/\/www.rives-paris.com\/en\/wp-json\/wp\/v2\/media?parent=35691"}],"wp:term":[{"taxonomy":"product_brand","embeddable":true,"href":"https:\/\/www.rives-paris.com\/en\/wp-json\/wp\/v2\/product_brand?post=35691"},{"taxonomy":"product_cat","embeddable":true,"href":"https:\/\/www.rives-paris.com\/en\/wp-json\/wp\/v2\/product_cat?post=35691"},{"taxonomy":"product_tag","embeddable":true,"href":"https:\/\/www.rives-paris.com\/en\/wp-json\/wp\/v2\/product_tag?post=35691"}],"curies":[{"name":"wp","href":"https:\/\/api.w.org\/{rel}","templated":true}]}}