{"id":35690,"date":"2026-01-01T15:24:47","date_gmt":"2026-01-01T14:24:47","guid":{"rendered":"https:\/\/www.rives-paris.com\/uncategorized\/smoking-3-pieces-col-chale-barathea-noir\/"},"modified":"2026-04-10T14:43:27","modified_gmt":"2026-04-10T12:43:27","slug":"smoking-3-pieces-col-chale-barathea-noir","status":"publish","type":"product","link":"https:\/\/www.rives-paris.com\/en\/tailor-made\/smoking-3-pieces-col-chale-barathea-noir\/","title":{"rendered":"Smoking 3 Pi\u00e8ces Col Ch\u00e2le Noir"},"content":{"rendered":"","protected":false},"excerpt":{"rendered":"<p>Smoking trois pi\u00e8ces r\u00e9alis\u00e9 dans une laine barath\u00e9a noire. Il se compose d\u2019une veste droite, ferm\u00e9e par un bouton recouvert de satin, dot\u00e9e d\u2019un col ch\u00e2le classique en satin de soie noir et de poches passepoil\u00e9es en satin. Le gilet assorti, \u00e0 encolure basse et \u00e0 bas droit, compl\u00e8te l\u2019ensemble. Le pantalon, taille haute \u00e0 double pinces, est agr\u00e9ment\u00e9 d\u2019un gallon en satin de soie noir sur les c\u00f4t\u00e9s ext\u00e9rieurs des jambes.<\/p>\n","protected":false},"featured_media":35299,"template":"","meta":{"_acf_changed":false},"product_brand":[],"product_cat":[319,197],"product_tag":[598,554],"class_list":{"0":"post-35690","1":"product","2":"type-product","3":"status-publish","4":"has-post-thumbnail","6":"product_cat-tailor-made","7":"product_cat-tuxedos","8":"product_tag-cannes-et-red-carpet","9":"product_tag-mariage","11":"first","12":"instock","13":"taxable","14":"shipping-taxable","15":"purchasable","16":"product-type-variable"},"acf":[],"yoast_head":"<!-- This site is optimized with the Yoast SEO plugin v27.4 - https:\/\/yoast.com\/product\/yoast-seo-wordpress\/ -->\n<title>Smoking 3 Pi\u00e8ces Col Ch\u00e2le Laine Barath\u00e9a Noire | RIVES Paris \u00a9<\/title>\n<meta name=\"description\" content=\"Smoking trois pi\u00e8ces r\u00e9alis\u00e9 dans une laine barath\u00e9a noire. Il se compose d\u2019une veste droite, ferm\u00e9e par un bouton recouvert de satin, dot\u00e9e d\u2019un col ch\u00e2le classique en satin de soie noir et de poches passepoil\u00e9es en satin. Le gilet assorti, \u00e0 encolure basse et \u00e0 bas droit, compl\u00e8te l\u2019ensemble. Le pantalon, taille haute \u00e0 double pinces, est agr\u00e9ment\u00e9 d\u2019un gallon en satin de soie noir sur les c\u00f4t\u00e9s ext\u00e9rieurs des jambes.\" \/>\n<meta name=\"robots\" content=\"index, follow, max-snippet:-1, max-image-preview:large, max-video-preview:-1\" \/>\n<link rel=\"canonical\" href=\"https:\/\/www.rives-paris.com\/en\/tailor-made\/smoking-3-pieces-col-chale-barathea-noir\/\" \/>\n<meta property=\"og:locale\" content=\"en_US\" \/>\n<meta property=\"og:type\" content=\"article\" \/>\n<meta property=\"og:title\" content=\"Smoking 3 Pi\u00e8ces Col Ch\u00e2le Laine Barath\u00e9a Noire | RIVES Paris \u00a9\" \/>\n<meta property=\"og:description\" content=\"Smoking trois pi\u00e8ces r\u00e9alis\u00e9 dans une laine barath\u00e9a noire. Il se compose d\u2019une veste droite, ferm\u00e9e par un bouton recouvert de satin, dot\u00e9e d\u2019un col ch\u00e2le classique en satin de soie noir et de poches passepoil\u00e9es en satin. Le gilet assorti, \u00e0 encolure basse et \u00e0 bas droit, compl\u00e8te l\u2019ensemble. Le pantalon, taille haute \u00e0 double pinces, est agr\u00e9ment\u00e9 d\u2019un gallon en satin de soie noir sur les c\u00f4t\u00e9s ext\u00e9rieurs des jambes.\" \/>\n<meta property=\"og:url\" content=\"https:\/\/www.rives-paris.com\/en\/tailor-made\/smoking-3-pieces-col-chale-barathea-noir\/\" \/>\n<meta property=\"og:site_name\" content=\"RIVES PARIS \u00ae\" \/>\n<meta property=\"article:publisher\" content=\"https:\/\/www.facebook.com\/rives.paris\/\" \/>\n<meta property=\"article:modified_time\" content=\"2026-04-10T12:43:27+00:00\" \/>\n<meta property=\"og:image\" content=\"https:\/\/www.rives-paris.com\/wp-content\/uploads\/2026\/02\/LOOK_00021_0555-scaled.jpg\" \/>\n\t<meta property=\"og:image:width\" content=\"1707\" \/>\n\t<meta property=\"og:image:height\" content=\"2560\" \/>\n\t<meta property=\"og:image:type\" content=\"image\/jpeg\" \/>\n<meta name=\"twitter:card\" content=\"summary_large_image\" \/>\n<!-- \/ Yoast SEO plugin. -->","yoast_head_json":{"title":"Smoking 3 Pi\u00e8ces Col Ch\u00e2le Laine Barath\u00e9a Noire | RIVES Paris \u00a9","description":"Smoking trois pi\u00e8ces r\u00e9alis\u00e9 dans une laine barath\u00e9a noire. Il se compose d\u2019une veste droite, ferm\u00e9e par un bouton recouvert de satin, dot\u00e9e d\u2019un col ch\u00e2le classique en satin de soie noir et de poches passepoil\u00e9es en satin. Le gilet assorti, \u00e0 encolure basse et \u00e0 bas droit, compl\u00e8te l\u2019ensemble. Le pantalon, taille haute \u00e0 double pinces, est agr\u00e9ment\u00e9 d\u2019un gallon en satin de soie noir sur les c\u00f4t\u00e9s ext\u00e9rieurs des jambes.","robots":{"index":"index","follow":"follow","max-snippet":"max-snippet:-1","max-image-preview":"max-image-preview:large","max-video-preview":"max-video-preview:-1"},"canonical":"https:\/\/www.rives-paris.com\/en\/tailor-made\/smoking-3-pieces-col-chale-barathea-noir\/","og_locale":"en_US","og_type":"article","og_title":"Smoking 3 Pi\u00e8ces Col Ch\u00e2le Laine Barath\u00e9a Noire | RIVES Paris \u00a9","og_description":"Smoking trois pi\u00e8ces r\u00e9alis\u00e9 dans une laine barath\u00e9a noire. Il se compose d\u2019une veste droite, ferm\u00e9e par un bouton recouvert de satin, dot\u00e9e d\u2019un col ch\u00e2le classique en satin de soie noir et de poches passepoil\u00e9es en satin. Le gilet assorti, \u00e0 encolure basse et \u00e0 bas droit, compl\u00e8te l\u2019ensemble. Le pantalon, taille haute \u00e0 double pinces, est agr\u00e9ment\u00e9 d\u2019un gallon en satin de soie noir sur les c\u00f4t\u00e9s ext\u00e9rieurs des jambes.","og_url":"https:\/\/www.rives-paris.com\/en\/tailor-made\/smoking-3-pieces-col-chale-barathea-noir\/","og_site_name":"RIVES PARIS \u00ae","article_publisher":"https:\/\/www.facebook.com\/rives.paris\/","article_modified_time":"2026-04-10T12:43:27+00:00","og_image":[{"width":1707,"height":2560,"url":"https:\/\/www.rives-paris.com\/wp-content\/uploads\/2026\/02\/LOOK_00021_0555-scaled.jpg","type":"image\/jpeg"}],"twitter_card":"summary_large_image","schema":{"@context":"https:\/\/schema.org","@graph":[{"@type":"WebPage","@id":"https:\/\/www.rives-paris.com\/en\/tailor-made\/smoking-3-pieces-col-chale-barathea-noir\/","url":"https:\/\/www.rives-paris.com\/en\/tailor-made\/smoking-3-pieces-col-chale-barathea-noir\/","name":"Smoking 3 Pi\u00e8ces Col Ch\u00e2le Laine Barath\u00e9a Noire | RIVES Paris \u00a9","isPartOf":{"@id":"https:\/\/www.rives-paris.com\/en\/#website"},"primaryImageOfPage":{"@id":"https:\/\/www.rives-paris.com\/en\/tailor-made\/smoking-3-pieces-col-chale-barathea-noir\/#primaryimage"},"image":{"@id":"https:\/\/www.rives-paris.com\/en\/tailor-made\/smoking-3-pieces-col-chale-barathea-noir\/#primaryimage"},"thumbnailUrl":"https:\/\/www.rives-paris.com\/wp-content\/uploads\/2026\/02\/LOOK_00021_0555-scaled.jpg","datePublished":"2026-01-01T14:24:47+00:00","dateModified":"2026-04-10T12:43:27+00:00","description":"Smoking trois pi\u00e8ces r\u00e9alis\u00e9 dans une laine barath\u00e9a noire. Il se compose d\u2019une veste droite, ferm\u00e9e par un bouton recouvert de satin, dot\u00e9e d\u2019un col ch\u00e2le classique en satin de soie noir et de poches passepoil\u00e9es en satin. Le gilet assorti, \u00e0 encolure basse et \u00e0 bas droit, compl\u00e8te l\u2019ensemble. Le pantalon, taille haute \u00e0 double pinces, est agr\u00e9ment\u00e9 d\u2019un gallon en satin de soie noir sur les c\u00f4t\u00e9s ext\u00e9rieurs des jambes.","breadcrumb":{"@id":"https:\/\/www.rives-paris.com\/en\/tailor-made\/smoking-3-pieces-col-chale-barathea-noir\/#breadcrumb"},"inLanguage":"en-US","potentialAction":[{"@type":"ReadAction","target":["https:\/\/www.rives-paris.com\/en\/tailor-made\/smoking-3-pieces-col-chale-barathea-noir\/"]}]},{"@type":"ImageObject","inLanguage":"en-US","@id":"https:\/\/www.rives-paris.com\/en\/tailor-made\/smoking-3-pieces-col-chale-barathea-noir\/#primaryimage","url":"https:\/\/www.rives-paris.com\/wp-content\/uploads\/2026\/02\/LOOK_00021_0555-scaled.jpg","contentUrl":"https:\/\/www.rives-paris.com\/wp-content\/uploads\/2026\/02\/LOOK_00021_0555-scaled.jpg","width":1707,"height":2560},{"@type":"BreadcrumbList","@id":"https:\/\/www.rives-paris.com\/en\/tailor-made\/smoking-3-pieces-col-chale-barathea-noir\/#breadcrumb","itemListElement":[{"@type":"ListItem","position":1,"name":"Home","item":"https:\/\/www.rives-paris.com\/en\/"},{"@type":"ListItem","position":2,"name":"Ready-to-wear","item":"https:\/\/www.rives-paris.com\/en\/ready-to-wear\/"},{"@type":"ListItem","position":3,"name":"Tailor Made","item":"https:\/\/www.rives-paris.com\/en\/tailor-made\/"},{"@type":"ListItem","position":4,"name":"Smoking 3 Pi\u00e8ces Col Ch\u00e2le Noir"}]},{"@type":"WebSite","@id":"https:\/\/www.rives-paris.com\/en\/#website","url":"https:\/\/www.rives-paris.com\/en\/","name":"RIVES PARIS \u00ae","description":"RIVES Paris propose des costumes sur mesure, des chemises, des chaussures et des accessoires confectionn\u00e9s dans des ateliers traditionnels","publisher":{"@id":"https:\/\/www.rives-paris.com\/en\/#organization"},"potentialAction":[{"@type":"SearchAction","target":{"@type":"EntryPoint","urlTemplate":"https:\/\/www.rives-paris.com\/en\/?s={search_term_string}"},"query-input":{"@type":"PropertyValueSpecification","valueRequired":true,"valueName":"search_term_string"}}],"inLanguage":"en-US"},{"@type":"Organization","@id":"https:\/\/www.rives-paris.com\/en\/#organization","name":"RIVES Paris.","url":"https:\/\/www.rives-paris.com\/en\/","logo":{"@type":"ImageObject","inLanguage":"en-US","@id":"https:\/\/www.rives-paris.com\/en\/#\/schema\/logo\/image\/","url":"https:\/\/www.rives-paris.com\/wp-content\/uploads\/2022\/02\/LOGO-RIVES-PARIS.svg","contentUrl":"https:\/\/www.rives-paris.com\/wp-content\/uploads\/2022\/02\/LOGO-RIVES-PARIS.svg","width":1,"height":1,"caption":"RIVES Paris."},"image":{"@id":"https:\/\/www.rives-paris.com\/en\/#\/schema\/logo\/image\/"},"sameAs":["https:\/\/www.facebook.com\/rives.paris\/","https:\/\/www.instagram.com\/rives_paris\/?hl=fr"]}]}},"_links":{"self":[{"href":"https:\/\/www.rives-paris.com\/en\/wp-json\/wp\/v2\/product\/35690","targetHints":{"allow":["GET"]}}],"collection":[{"href":"https:\/\/www.rives-paris.com\/en\/wp-json\/wp\/v2\/product"}],"about":[{"href":"https:\/\/www.rives-paris.com\/en\/wp-json\/wp\/v2\/types\/product"}],"wp:featuredmedia":[{"embeddable":true,"href":"https:\/\/www.rives-paris.com\/en\/wp-json\/wp\/v2\/media\/35299"}],"wp:attachment":[{"href":"https:\/\/www.rives-paris.com\/en\/wp-json\/wp\/v2\/media?parent=35690"}],"wp:term":[{"taxonomy":"product_brand","embeddable":true,"href":"https:\/\/www.rives-paris.com\/en\/wp-json\/wp\/v2\/product_brand?post=35690"},{"taxonomy":"product_cat","embeddable":true,"href":"https:\/\/www.rives-paris.com\/en\/wp-json\/wp\/v2\/product_cat?post=35690"},{"taxonomy":"product_tag","embeddable":true,"href":"https:\/\/www.rives-paris.com\/en\/wp-json\/wp\/v2\/product_tag?post=35690"}],"curies":[{"name":"wp","href":"https:\/\/api.w.org\/{rel}","templated":true}]}}