{"id":35685,"date":"2026-01-01T15:24:48","date_gmt":"2026-01-01T14:24:48","guid":{"rendered":"https:\/\/www.rives-paris.com\/uncategorized\/veste-smoking-laine-sergee-blanc-casse\/"},"modified":"2026-04-10T14:40:41","modified_gmt":"2026-04-10T12:40:41","slug":"veste-smoking-laine-sergee-blanc-casse","status":"publish","type":"product","link":"https:\/\/www.rives-paris.com\/en\/tailor-made\/veste-smoking-laine-sergee-blanc-casse\/","title":{"rendered":"Veste de Smoking Blanc Cass\u00e9"},"content":{"rendered":"","protected":false},"excerpt":{"rendered":"<p>Veste de smoking r\u00e9alis\u00e9e dans une pr\u00e9cieuse laine serg\u00e9e blanc cass\u00e9. De coupe droite, ferm\u00e9e par un bouton recouvert de tissu, elle pr\u00e9sente un col ch\u00e2le roulott\u00e9 et des poches passepoil\u00e9es.<\/p>\n","protected":false},"featured_media":35401,"template":"","meta":{"_acf_changed":false},"product_brand":[],"product_cat":[319,197],"product_tag":[598,554],"class_list":{"0":"post-35685","1":"product","2":"type-product","3":"status-publish","4":"has-post-thumbnail","6":"product_cat-tailor-made","7":"product_cat-tuxedos","8":"product_tag-cannes-et-red-carpet","9":"product_tag-mariage","11":"first","12":"instock","13":"taxable","14":"shipping-taxable","15":"purchasable","16":"product-type-variable"},"acf":[],"yoast_head":"<!-- This site is optimized with the Yoast SEO plugin v27.4 - https:\/\/yoast.com\/product\/yoast-seo-wordpress\/ -->\n<title>Veste de Smoking Sur-Mesure Blanc Cass\u00e9 | RIVES Paris \u00a9<\/title>\n<meta name=\"description\" content=\"Veste de smoking r\u00e9alis\u00e9e dans une pr\u00e9cieuse laine serg\u00e9e blanc cass\u00e9. De coupe droite, ferm\u00e9e par un bouton recouvert de tissu, elle pr\u00e9sente un col ch\u00e2le roulott\u00e9 et des poches passepoil\u00e9es.\" \/>\n<meta name=\"robots\" content=\"index, follow, max-snippet:-1, max-image-preview:large, max-video-preview:-1\" \/>\n<link rel=\"canonical\" href=\"https:\/\/www.rives-paris.com\/en\/tailor-made\/veste-smoking-laine-sergee-blanc-casse\/\" \/>\n<meta property=\"og:locale\" content=\"en_US\" \/>\n<meta property=\"og:type\" content=\"article\" \/>\n<meta property=\"og:title\" content=\"Veste de Smoking Sur-Mesure Blanc Cass\u00e9 | RIVES Paris \u00a9\" \/>\n<meta property=\"og:description\" content=\"Veste de smoking r\u00e9alis\u00e9e dans une pr\u00e9cieuse laine serg\u00e9e blanc cass\u00e9. De coupe droite, ferm\u00e9e par un bouton recouvert de tissu, elle pr\u00e9sente un col ch\u00e2le roulott\u00e9 et des poches passepoil\u00e9es.\" \/>\n<meta property=\"og:url\" content=\"https:\/\/www.rives-paris.com\/en\/tailor-made\/veste-smoking-laine-sergee-blanc-casse\/\" \/>\n<meta property=\"og:site_name\" content=\"RIVES PARIS \u00ae\" \/>\n<meta property=\"article:publisher\" content=\"https:\/\/www.facebook.com\/rives.paris\/\" \/>\n<meta property=\"article:modified_time\" content=\"2026-04-10T12:40:41+00:00\" \/>\n<meta property=\"og:image\" content=\"https:\/\/www.rives-paris.com\/wp-content\/uploads\/2026\/02\/LOOK_00009_0243-scaled.jpg\" \/>\n\t<meta property=\"og:image:width\" content=\"1707\" \/>\n\t<meta property=\"og:image:height\" content=\"2560\" \/>\n\t<meta property=\"og:image:type\" content=\"image\/jpeg\" \/>\n<meta name=\"twitter:card\" content=\"summary_large_image\" \/>\n<!-- \/ Yoast SEO plugin. -->","yoast_head_json":{"title":"Veste de Smoking Sur-Mesure Blanc Cass\u00e9 | RIVES Paris \u00a9","description":"Veste de smoking r\u00e9alis\u00e9e dans une pr\u00e9cieuse laine serg\u00e9e blanc cass\u00e9. De coupe droite, ferm\u00e9e par un bouton recouvert de tissu, elle pr\u00e9sente un col ch\u00e2le roulott\u00e9 et des poches passepoil\u00e9es.","robots":{"index":"index","follow":"follow","max-snippet":"max-snippet:-1","max-image-preview":"max-image-preview:large","max-video-preview":"max-video-preview:-1"},"canonical":"https:\/\/www.rives-paris.com\/en\/tailor-made\/veste-smoking-laine-sergee-blanc-casse\/","og_locale":"en_US","og_type":"article","og_title":"Veste de Smoking Sur-Mesure Blanc Cass\u00e9 | RIVES Paris \u00a9","og_description":"Veste de smoking r\u00e9alis\u00e9e dans une pr\u00e9cieuse laine serg\u00e9e blanc cass\u00e9. De coupe droite, ferm\u00e9e par un bouton recouvert de tissu, elle pr\u00e9sente un col ch\u00e2le roulott\u00e9 et des poches passepoil\u00e9es.","og_url":"https:\/\/www.rives-paris.com\/en\/tailor-made\/veste-smoking-laine-sergee-blanc-casse\/","og_site_name":"RIVES PARIS \u00ae","article_publisher":"https:\/\/www.facebook.com\/rives.paris\/","article_modified_time":"2026-04-10T12:40:41+00:00","og_image":[{"width":1707,"height":2560,"url":"https:\/\/www.rives-paris.com\/wp-content\/uploads\/2026\/02\/LOOK_00009_0243-scaled.jpg","type":"image\/jpeg"}],"twitter_card":"summary_large_image","schema":{"@context":"https:\/\/schema.org","@graph":[{"@type":"WebPage","@id":"https:\/\/www.rives-paris.com\/en\/tailor-made\/veste-smoking-laine-sergee-blanc-casse\/","url":"https:\/\/www.rives-paris.com\/en\/tailor-made\/veste-smoking-laine-sergee-blanc-casse\/","name":"Veste de Smoking Sur-Mesure Blanc Cass\u00e9 | RIVES Paris \u00a9","isPartOf":{"@id":"https:\/\/www.rives-paris.com\/en\/#website"},"primaryImageOfPage":{"@id":"https:\/\/www.rives-paris.com\/en\/tailor-made\/veste-smoking-laine-sergee-blanc-casse\/#primaryimage"},"image":{"@id":"https:\/\/www.rives-paris.com\/en\/tailor-made\/veste-smoking-laine-sergee-blanc-casse\/#primaryimage"},"thumbnailUrl":"https:\/\/www.rives-paris.com\/wp-content\/uploads\/2026\/02\/LOOK_00009_0243-scaled.jpg","datePublished":"2026-01-01T14:24:48+00:00","dateModified":"2026-04-10T12:40:41+00:00","description":"Veste de smoking r\u00e9alis\u00e9e dans une pr\u00e9cieuse laine serg\u00e9e blanc cass\u00e9. De coupe droite, ferm\u00e9e par un bouton recouvert de tissu, elle pr\u00e9sente un col ch\u00e2le roulott\u00e9 et des poches passepoil\u00e9es.","breadcrumb":{"@id":"https:\/\/www.rives-paris.com\/en\/tailor-made\/veste-smoking-laine-sergee-blanc-casse\/#breadcrumb"},"inLanguage":"en-US","potentialAction":[{"@type":"ReadAction","target":["https:\/\/www.rives-paris.com\/en\/tailor-made\/veste-smoking-laine-sergee-blanc-casse\/"]}]},{"@type":"ImageObject","inLanguage":"en-US","@id":"https:\/\/www.rives-paris.com\/en\/tailor-made\/veste-smoking-laine-sergee-blanc-casse\/#primaryimage","url":"https:\/\/www.rives-paris.com\/wp-content\/uploads\/2026\/02\/LOOK_00009_0243-scaled.jpg","contentUrl":"https:\/\/www.rives-paris.com\/wp-content\/uploads\/2026\/02\/LOOK_00009_0243-scaled.jpg","width":1707,"height":2560},{"@type":"BreadcrumbList","@id":"https:\/\/www.rives-paris.com\/en\/tailor-made\/veste-smoking-laine-sergee-blanc-casse\/#breadcrumb","itemListElement":[{"@type":"ListItem","position":1,"name":"Home","item":"https:\/\/www.rives-paris.com\/en\/"},{"@type":"ListItem","position":2,"name":"Ready-to-wear","item":"https:\/\/www.rives-paris.com\/en\/ready-to-wear\/"},{"@type":"ListItem","position":3,"name":"Tailor Made","item":"https:\/\/www.rives-paris.com\/en\/tailor-made\/"},{"@type":"ListItem","position":4,"name":"Veste de Smoking Blanc Cass\u00e9"}]},{"@type":"WebSite","@id":"https:\/\/www.rives-paris.com\/en\/#website","url":"https:\/\/www.rives-paris.com\/en\/","name":"RIVES PARIS \u00ae","description":"RIVES Paris propose des costumes sur mesure, des chemises, des chaussures et des accessoires confectionn\u00e9s dans des ateliers traditionnels","publisher":{"@id":"https:\/\/www.rives-paris.com\/en\/#organization"},"potentialAction":[{"@type":"SearchAction","target":{"@type":"EntryPoint","urlTemplate":"https:\/\/www.rives-paris.com\/en\/?s={search_term_string}"},"query-input":{"@type":"PropertyValueSpecification","valueRequired":true,"valueName":"search_term_string"}}],"inLanguage":"en-US"},{"@type":"Organization","@id":"https:\/\/www.rives-paris.com\/en\/#organization","name":"RIVES Paris.","url":"https:\/\/www.rives-paris.com\/en\/","logo":{"@type":"ImageObject","inLanguage":"en-US","@id":"https:\/\/www.rives-paris.com\/en\/#\/schema\/logo\/image\/","url":"https:\/\/www.rives-paris.com\/wp-content\/uploads\/2022\/02\/LOGO-RIVES-PARIS.svg","contentUrl":"https:\/\/www.rives-paris.com\/wp-content\/uploads\/2022\/02\/LOGO-RIVES-PARIS.svg","width":1,"height":1,"caption":"RIVES Paris."},"image":{"@id":"https:\/\/www.rives-paris.com\/en\/#\/schema\/logo\/image\/"},"sameAs":["https:\/\/www.facebook.com\/rives.paris\/","https:\/\/www.instagram.com\/rives_paris\/?hl=fr"]}]}},"_links":{"self":[{"href":"https:\/\/www.rives-paris.com\/en\/wp-json\/wp\/v2\/product\/35685","targetHints":{"allow":["GET"]}}],"collection":[{"href":"https:\/\/www.rives-paris.com\/en\/wp-json\/wp\/v2\/product"}],"about":[{"href":"https:\/\/www.rives-paris.com\/en\/wp-json\/wp\/v2\/types\/product"}],"wp:featuredmedia":[{"embeddable":true,"href":"https:\/\/www.rives-paris.com\/en\/wp-json\/wp\/v2\/media\/35401"}],"wp:attachment":[{"href":"https:\/\/www.rives-paris.com\/en\/wp-json\/wp\/v2\/media?parent=35685"}],"wp:term":[{"taxonomy":"product_brand","embeddable":true,"href":"https:\/\/www.rives-paris.com\/en\/wp-json\/wp\/v2\/product_brand?post=35685"},{"taxonomy":"product_cat","embeddable":true,"href":"https:\/\/www.rives-paris.com\/en\/wp-json\/wp\/v2\/product_cat?post=35685"},{"taxonomy":"product_tag","embeddable":true,"href":"https:\/\/www.rives-paris.com\/en\/wp-json\/wp\/v2\/product_tag?post=35685"}],"curies":[{"name":"wp","href":"https:\/\/api.w.org\/{rel}","templated":true}]}}