{"id":35674,"date":"2026-01-21T15:24:45","date_gmt":"2026-01-21T14:24:45","guid":{"rendered":"https:\/\/www.rives-paris.com\/uncategorized\/costume-serge-laine-beige\/"},"modified":"2026-04-15T13:06:02","modified_gmt":"2026-04-15T11:06:02","slug":"costume-serge-laine-beige","status":"publish","type":"product","link":"https:\/\/www.rives-paris.com\/en\/tailor-made\/costume-serge-laine-beige\/","title":{"rendered":"Costume Beige"},"content":{"rendered":"","protected":false},"excerpt":{"rendered":"<p>Costume deux pi\u00e8ces r\u00e9alis\u00e9 dans une serge de laine beige. Con\u00e7u pour \u00eatre port\u00e9 toute l\u2019ann\u00e9e, il se compose d\u2019une veste droite \u00e0 la coupe confortable, ferm\u00e9e par un bouton recouvert de tissu, avec un col classique \u00e0 crans de 9 cm et des poches \u00e0 rabats. Le pantalon taille haute, \u00e0 double pinces, se termine par un revers de 5cm.<\/p>\n","protected":false},"featured_media":35533,"template":"","meta":{"_acf_changed":false},"product_brand":[],"product_cat":[475,193,319],"product_tag":[],"class_list":{"0":"post-35674","1":"product","2":"type-product","3":"status-publish","4":"has-post-thumbnail","6":"product_cat-2-piece","7":"product_cat-suits","8":"product_cat-tailor-made","10":"first","11":"instock","12":"taxable","13":"shipping-taxable","14":"purchasable","15":"product-type-variable"},"acf":[],"yoast_head":"<!-- This site is optimized with the Yoast SEO plugin v27.4 - https:\/\/yoast.com\/product\/yoast-seo-wordpress\/ -->\n<title>Costume Sur-Mesure Serge de Laine Beige | RIVES Paris \u00a9<\/title>\n<meta name=\"description\" content=\"Costume deux pi\u00e8ces r\u00e9alis\u00e9 dans une serge de laine beige. Con\u00e7u pour \u00eatre port\u00e9 toute l\u2019ann\u00e9e, il se compose d\u2019une veste droite \u00e0 la coupe confortable, ferm\u00e9e par un bouton recouvert de tissu, avec un col classique \u00e0 crans de 9 cm et des poches \u00e0 rabats. Le pantalon taille haute, \u00e0 double pinces, se termine par un revers de 5cm.\" \/>\n<meta name=\"robots\" content=\"index, follow, max-snippet:-1, max-image-preview:large, max-video-preview:-1\" \/>\n<link rel=\"canonical\" href=\"https:\/\/www.rives-paris.com\/en\/tailor-made\/costume-serge-laine-beige\/\" \/>\n<meta property=\"og:locale\" content=\"en_US\" \/>\n<meta property=\"og:type\" content=\"article\" \/>\n<meta property=\"og:title\" content=\"Costume Sur-Mesure Serge de Laine Beige | RIVES Paris \u00a9\" \/>\n<meta property=\"og:description\" content=\"Costume deux pi\u00e8ces r\u00e9alis\u00e9 dans une serge de laine beige. Con\u00e7u pour \u00eatre port\u00e9 toute l\u2019ann\u00e9e, il se compose d\u2019une veste droite \u00e0 la coupe confortable, ferm\u00e9e par un bouton recouvert de tissu, avec un col classique \u00e0 crans de 9 cm et des poches \u00e0 rabats. Le pantalon taille haute, \u00e0 double pinces, se termine par un revers de 5cm.\" \/>\n<meta property=\"og:url\" content=\"https:\/\/www.rives-paris.com\/en\/tailor-made\/costume-serge-laine-beige\/\" \/>\n<meta property=\"og:site_name\" content=\"RIVES PARIS \u00ae\" \/>\n<meta property=\"article:publisher\" content=\"https:\/\/www.facebook.com\/rives.paris\/\" \/>\n<meta property=\"article:modified_time\" content=\"2026-04-15T11:06:02+00:00\" \/>\n<meta property=\"og:image\" content=\"https:\/\/www.rives-paris.com\/wp-content\/uploads\/2026\/02\/LOOK_00054_1249-scaled.jpg\" \/>\n\t<meta property=\"og:image:width\" content=\"1707\" \/>\n\t<meta property=\"og:image:height\" content=\"2560\" \/>\n\t<meta property=\"og:image:type\" content=\"image\/jpeg\" \/>\n<meta name=\"twitter:card\" content=\"summary_large_image\" \/>\n<meta name=\"twitter:label1\" content=\"Est. reading time\" \/>\n\t<meta name=\"twitter:data1\" content=\"1 minute\" \/>\n<!-- \/ Yoast SEO plugin. -->","yoast_head_json":{"title":"Costume Sur-Mesure Serge de Laine Beige | RIVES Paris \u00a9","description":"Costume deux pi\u00e8ces r\u00e9alis\u00e9 dans une serge de laine beige. Con\u00e7u pour \u00eatre port\u00e9 toute l\u2019ann\u00e9e, il se compose d\u2019une veste droite \u00e0 la coupe confortable, ferm\u00e9e par un bouton recouvert de tissu, avec un col classique \u00e0 crans de 9 cm et des poches \u00e0 rabats. Le pantalon taille haute, \u00e0 double pinces, se termine par un revers de 5cm.","robots":{"index":"index","follow":"follow","max-snippet":"max-snippet:-1","max-image-preview":"max-image-preview:large","max-video-preview":"max-video-preview:-1"},"canonical":"https:\/\/www.rives-paris.com\/en\/tailor-made\/costume-serge-laine-beige\/","og_locale":"en_US","og_type":"article","og_title":"Costume Sur-Mesure Serge de Laine Beige | RIVES Paris \u00a9","og_description":"Costume deux pi\u00e8ces r\u00e9alis\u00e9 dans une serge de laine beige. Con\u00e7u pour \u00eatre port\u00e9 toute l\u2019ann\u00e9e, il se compose d\u2019une veste droite \u00e0 la coupe confortable, ferm\u00e9e par un bouton recouvert de tissu, avec un col classique \u00e0 crans de 9 cm et des poches \u00e0 rabats. Le pantalon taille haute, \u00e0 double pinces, se termine par un revers de 5cm.","og_url":"https:\/\/www.rives-paris.com\/en\/tailor-made\/costume-serge-laine-beige\/","og_site_name":"RIVES PARIS \u00ae","article_publisher":"https:\/\/www.facebook.com\/rives.paris\/","article_modified_time":"2026-04-15T11:06:02+00:00","og_image":[{"width":1707,"height":2560,"url":"https:\/\/www.rives-paris.com\/wp-content\/uploads\/2026\/02\/LOOK_00054_1249-scaled.jpg","type":"image\/jpeg"}],"twitter_card":"summary_large_image","twitter_misc":{"Est. reading time":"1 minute"},"schema":{"@context":"https:\/\/schema.org","@graph":[{"@type":"WebPage","@id":"https:\/\/www.rives-paris.com\/en\/tailor-made\/costume-serge-laine-beige\/","url":"https:\/\/www.rives-paris.com\/en\/tailor-made\/costume-serge-laine-beige\/","name":"Costume Sur-Mesure Serge de Laine Beige | RIVES Paris \u00a9","isPartOf":{"@id":"https:\/\/www.rives-paris.com\/en\/#website"},"primaryImageOfPage":{"@id":"https:\/\/www.rives-paris.com\/en\/tailor-made\/costume-serge-laine-beige\/#primaryimage"},"image":{"@id":"https:\/\/www.rives-paris.com\/en\/tailor-made\/costume-serge-laine-beige\/#primaryimage"},"thumbnailUrl":"https:\/\/www.rives-paris.com\/wp-content\/uploads\/2026\/02\/LOOK_00054_1249-scaled.jpg","datePublished":"2026-01-21T14:24:45+00:00","dateModified":"2026-04-15T11:06:02+00:00","description":"Costume deux pi\u00e8ces r\u00e9alis\u00e9 dans une serge de laine beige. Con\u00e7u pour \u00eatre port\u00e9 toute l\u2019ann\u00e9e, il se compose d\u2019une veste droite \u00e0 la coupe confortable, ferm\u00e9e par un bouton recouvert de tissu, avec un col classique \u00e0 crans de 9 cm et des poches \u00e0 rabats. Le pantalon taille haute, \u00e0 double pinces, se termine par un revers de 5cm.","breadcrumb":{"@id":"https:\/\/www.rives-paris.com\/en\/tailor-made\/costume-serge-laine-beige\/#breadcrumb"},"inLanguage":"en-US","potentialAction":[{"@type":"ReadAction","target":["https:\/\/www.rives-paris.com\/en\/tailor-made\/costume-serge-laine-beige\/"]}]},{"@type":"ImageObject","inLanguage":"en-US","@id":"https:\/\/www.rives-paris.com\/en\/tailor-made\/costume-serge-laine-beige\/#primaryimage","url":"https:\/\/www.rives-paris.com\/wp-content\/uploads\/2026\/02\/LOOK_00054_1249-scaled.jpg","contentUrl":"https:\/\/www.rives-paris.com\/wp-content\/uploads\/2026\/02\/LOOK_00054_1249-scaled.jpg","width":1707,"height":2560},{"@type":"BreadcrumbList","@id":"https:\/\/www.rives-paris.com\/en\/tailor-made\/costume-serge-laine-beige\/#breadcrumb","itemListElement":[{"@type":"ListItem","position":1,"name":"Home","item":"https:\/\/www.rives-paris.com\/en\/"},{"@type":"ListItem","position":2,"name":"Ready-to-wear","item":"https:\/\/www.rives-paris.com\/en\/ready-to-wear\/"},{"@type":"ListItem","position":3,"name":"Tailor Made","item":"https:\/\/www.rives-paris.com\/en\/tailor-made\/"},{"@type":"ListItem","position":4,"name":"Costume Beige"}]},{"@type":"WebSite","@id":"https:\/\/www.rives-paris.com\/en\/#website","url":"https:\/\/www.rives-paris.com\/en\/","name":"RIVES PARIS \u00ae","description":"RIVES Paris propose des costumes sur mesure, des chemises, des chaussures et des accessoires confectionn\u00e9s dans des ateliers traditionnels","publisher":{"@id":"https:\/\/www.rives-paris.com\/en\/#organization"},"potentialAction":[{"@type":"SearchAction","target":{"@type":"EntryPoint","urlTemplate":"https:\/\/www.rives-paris.com\/en\/?s={search_term_string}"},"query-input":{"@type":"PropertyValueSpecification","valueRequired":true,"valueName":"search_term_string"}}],"inLanguage":"en-US"},{"@type":"Organization","@id":"https:\/\/www.rives-paris.com\/en\/#organization","name":"RIVES Paris.","url":"https:\/\/www.rives-paris.com\/en\/","logo":{"@type":"ImageObject","inLanguage":"en-US","@id":"https:\/\/www.rives-paris.com\/en\/#\/schema\/logo\/image\/","url":"https:\/\/www.rives-paris.com\/wp-content\/uploads\/2022\/02\/LOGO-RIVES-PARIS.svg","contentUrl":"https:\/\/www.rives-paris.com\/wp-content\/uploads\/2022\/02\/LOGO-RIVES-PARIS.svg","width":1,"height":1,"caption":"RIVES Paris."},"image":{"@id":"https:\/\/www.rives-paris.com\/en\/#\/schema\/logo\/image\/"},"sameAs":["https:\/\/www.facebook.com\/rives.paris\/","https:\/\/www.instagram.com\/rives_paris\/?hl=fr"]}]}},"_links":{"self":[{"href":"https:\/\/www.rives-paris.com\/en\/wp-json\/wp\/v2\/product\/35674","targetHints":{"allow":["GET"]}}],"collection":[{"href":"https:\/\/www.rives-paris.com\/en\/wp-json\/wp\/v2\/product"}],"about":[{"href":"https:\/\/www.rives-paris.com\/en\/wp-json\/wp\/v2\/types\/product"}],"wp:featuredmedia":[{"embeddable":true,"href":"https:\/\/www.rives-paris.com\/en\/wp-json\/wp\/v2\/media\/35533"}],"wp:attachment":[{"href":"https:\/\/www.rives-paris.com\/en\/wp-json\/wp\/v2\/media?parent=35674"}],"wp:term":[{"taxonomy":"product_brand","embeddable":true,"href":"https:\/\/www.rives-paris.com\/en\/wp-json\/wp\/v2\/product_brand?post=35674"},{"taxonomy":"product_cat","embeddable":true,"href":"https:\/\/www.rives-paris.com\/en\/wp-json\/wp\/v2\/product_cat?post=35674"},{"taxonomy":"product_tag","embeddable":true,"href":"https:\/\/www.rives-paris.com\/en\/wp-json\/wp\/v2\/product_tag?post=35674"}],"curies":[{"name":"wp","href":"https:\/\/api.w.org\/{rel}","templated":true}]}}