{"id":35667,"date":"2026-02-01T15:24:48","date_gmt":"2026-02-01T14:24:48","guid":{"rendered":"https:\/\/www.rives-paris.com\/uncategorized\/veste-smoking-velours-camel\/"},"modified":"2026-03-05T12:22:59","modified_gmt":"2026-03-05T11:22:59","slug":"veste-smoking-velours-camel","status":"publish","type":"product","link":"https:\/\/www.rives-paris.com\/en\/tailor-made\/veste-smoking-velours-camel\/","title":{"rendered":"Veste Smoking Velours Camel"},"content":{"rendered":"","protected":false},"excerpt":{"rendered":"<p>Veste de smoking r\u00e9alis\u00e9e dans un velours au ton camel. De coupe droite, elle pr\u00e9sente un col ch\u00e2le roulott\u00e9, une fermeture par un bouton recouvert de tissu et des poches passepoil\u00e9es.<\/p>\n","protected":false},"featured_media":35381,"template":"","meta":{"_acf_changed":false},"product_brand":[],"product_cat":[319,197],"product_tag":[554],"class_list":{"0":"post-35667","1":"product","2":"type-product","3":"status-publish","4":"has-post-thumbnail","6":"product_cat-tailor-made","7":"product_cat-tuxedos","8":"product_tag-mariage","10":"first","11":"instock","12":"taxable","13":"shipping-taxable","14":"purchasable","15":"product-type-variable"},"acf":[],"yoast_head":"<!-- This site is optimized with the Yoast SEO plugin v27.3 - https:\/\/yoast.com\/product\/yoast-seo-wordpress\/ -->\n<title>Camel Velvet Tailor-Made Tuxedo Jacket | RIVES Paris \u00a9<\/title>\n<meta name=\"description\" content=\"Tuxedo jacket crafted from a camel tone velvet. Straight cut, it features a rolled shawl collar, a closure with a fabric covered button and welt pockets.\" \/>\n<meta name=\"robots\" content=\"index, follow, max-snippet:-1, max-image-preview:large, max-video-preview:-1\" \/>\n<link rel=\"canonical\" href=\"https:\/\/www.rives-paris.com\/en\/tailor-made\/veste-smoking-velours-camel\/\" \/>\n<meta property=\"og:locale\" content=\"en_US\" \/>\n<meta property=\"og:type\" content=\"article\" \/>\n<meta property=\"og:title\" content=\"Camel Velvet Tailor-Made Tuxedo Jacket | RIVES Paris \u00a9\" \/>\n<meta property=\"og:description\" content=\"Tuxedo jacket crafted from a camel tone velvet. Straight cut, it features a rolled shawl collar, a closure with a fabric covered button and welt pockets.\" \/>\n<meta property=\"og:url\" content=\"https:\/\/www.rives-paris.com\/en\/tailor-made\/veste-smoking-velours-camel\/\" \/>\n<meta property=\"og:site_name\" content=\"RIVES PARIS \u00ae\" \/>\n<meta property=\"article:publisher\" content=\"https:\/\/www.facebook.com\/rives.paris\/\" \/>\n<meta property=\"article:modified_time\" content=\"2026-03-05T11:22:59+00:00\" \/>\n<meta property=\"og:image\" content=\"https:\/\/www.rives-paris.com\/wp-content\/uploads\/2026\/02\/LOOK_00046_1058-scaled.jpg\" \/>\n\t<meta property=\"og:image:width\" content=\"1707\" \/>\n\t<meta property=\"og:image:height\" content=\"2560\" \/>\n\t<meta property=\"og:image:type\" content=\"image\/jpeg\" \/>\n<meta name=\"twitter:card\" content=\"summary_large_image\" \/>\n<!-- \/ Yoast SEO plugin. -->","yoast_head_json":{"title":"Camel Velvet Tailor-Made Tuxedo Jacket | RIVES Paris \u00a9","description":"Tuxedo jacket crafted from a camel tone velvet. Straight cut, it features a rolled shawl collar, a closure with a fabric covered button and welt pockets.","robots":{"index":"index","follow":"follow","max-snippet":"max-snippet:-1","max-image-preview":"max-image-preview:large","max-video-preview":"max-video-preview:-1"},"canonical":"https:\/\/www.rives-paris.com\/en\/tailor-made\/veste-smoking-velours-camel\/","og_locale":"en_US","og_type":"article","og_title":"Camel Velvet Tailor-Made Tuxedo Jacket | RIVES Paris \u00a9","og_description":"Tuxedo jacket crafted from a camel tone velvet. Straight cut, it features a rolled shawl collar, a closure with a fabric covered button and welt pockets.","og_url":"https:\/\/www.rives-paris.com\/en\/tailor-made\/veste-smoking-velours-camel\/","og_site_name":"RIVES PARIS \u00ae","article_publisher":"https:\/\/www.facebook.com\/rives.paris\/","article_modified_time":"2026-03-05T11:22:59+00:00","og_image":[{"width":1707,"height":2560,"url":"https:\/\/www.rives-paris.com\/wp-content\/uploads\/2026\/02\/LOOK_00046_1058-scaled.jpg","type":"image\/jpeg"}],"twitter_card":"summary_large_image","schema":{"@context":"https:\/\/schema.org","@graph":[{"@type":"WebPage","@id":"https:\/\/www.rives-paris.com\/en\/tailor-made\/veste-smoking-velours-camel\/","url":"https:\/\/www.rives-paris.com\/en\/tailor-made\/veste-smoking-velours-camel\/","name":"Camel Velvet Tailor-Made Tuxedo Jacket | RIVES Paris \u00a9","isPartOf":{"@id":"https:\/\/www.rives-paris.com\/en\/#website"},"primaryImageOfPage":{"@id":"https:\/\/www.rives-paris.com\/en\/tailor-made\/veste-smoking-velours-camel\/#primaryimage"},"image":{"@id":"https:\/\/www.rives-paris.com\/en\/tailor-made\/veste-smoking-velours-camel\/#primaryimage"},"thumbnailUrl":"https:\/\/www.rives-paris.com\/wp-content\/uploads\/2026\/02\/LOOK_00046_1058-scaled.jpg","datePublished":"2026-02-01T14:24:48+00:00","dateModified":"2026-03-05T11:22:59+00:00","description":"Tuxedo jacket crafted from a camel tone velvet. Straight cut, it features a rolled shawl collar, a closure with a fabric covered button and welt pockets.","breadcrumb":{"@id":"https:\/\/www.rives-paris.com\/en\/tailor-made\/veste-smoking-velours-camel\/#breadcrumb"},"inLanguage":"en-US","potentialAction":[{"@type":"ReadAction","target":["https:\/\/www.rives-paris.com\/en\/tailor-made\/veste-smoking-velours-camel\/"]}]},{"@type":"ImageObject","inLanguage":"en-US","@id":"https:\/\/www.rives-paris.com\/en\/tailor-made\/veste-smoking-velours-camel\/#primaryimage","url":"https:\/\/www.rives-paris.com\/wp-content\/uploads\/2026\/02\/LOOK_00046_1058-scaled.jpg","contentUrl":"https:\/\/www.rives-paris.com\/wp-content\/uploads\/2026\/02\/LOOK_00046_1058-scaled.jpg","width":1707,"height":2560},{"@type":"BreadcrumbList","@id":"https:\/\/www.rives-paris.com\/en\/tailor-made\/veste-smoking-velours-camel\/#breadcrumb","itemListElement":[{"@type":"ListItem","position":1,"name":"Home","item":"https:\/\/www.rives-paris.com\/en\/"},{"@type":"ListItem","position":2,"name":"Ready-to-wear","item":"https:\/\/www.rives-paris.com\/en\/ready-to-wear\/"},{"@type":"ListItem","position":3,"name":"Tailor Made","item":"https:\/\/www.rives-paris.com\/en\/tailor-made\/"},{"@type":"ListItem","position":4,"name":"Veste Smoking Velours Camel"}]},{"@type":"WebSite","@id":"https:\/\/www.rives-paris.com\/en\/#website","url":"https:\/\/www.rives-paris.com\/en\/","name":"RIVES PARIS \u00ae","description":"RIVES Paris propose des costumes sur mesure, des chemises, des chaussures et des accessoires confectionn\u00e9s dans des ateliers traditionnels","publisher":{"@id":"https:\/\/www.rives-paris.com\/en\/#organization"},"potentialAction":[{"@type":"SearchAction","target":{"@type":"EntryPoint","urlTemplate":"https:\/\/www.rives-paris.com\/en\/?s={search_term_string}"},"query-input":{"@type":"PropertyValueSpecification","valueRequired":true,"valueName":"search_term_string"}}],"inLanguage":"en-US"},{"@type":"Organization","@id":"https:\/\/www.rives-paris.com\/en\/#organization","name":"RIVES Paris.","url":"https:\/\/www.rives-paris.com\/en\/","logo":{"@type":"ImageObject","inLanguage":"en-US","@id":"https:\/\/www.rives-paris.com\/en\/#\/schema\/logo\/image\/","url":"https:\/\/www.rives-paris.com\/wp-content\/uploads\/2022\/02\/LOGO-RIVES-PARIS.svg","contentUrl":"https:\/\/www.rives-paris.com\/wp-content\/uploads\/2022\/02\/LOGO-RIVES-PARIS.svg","width":1,"height":1,"caption":"RIVES Paris."},"image":{"@id":"https:\/\/www.rives-paris.com\/en\/#\/schema\/logo\/image\/"},"sameAs":["https:\/\/www.facebook.com\/rives.paris\/","https:\/\/www.instagram.com\/rives_paris\/?hl=fr"]}]}},"_links":{"self":[{"href":"https:\/\/www.rives-paris.com\/en\/wp-json\/wp\/v2\/product\/35667","targetHints":{"allow":["GET"]}}],"collection":[{"href":"https:\/\/www.rives-paris.com\/en\/wp-json\/wp\/v2\/product"}],"about":[{"href":"https:\/\/www.rives-paris.com\/en\/wp-json\/wp\/v2\/types\/product"}],"wp:featuredmedia":[{"embeddable":true,"href":"https:\/\/www.rives-paris.com\/en\/wp-json\/wp\/v2\/media\/35381"}],"wp:attachment":[{"href":"https:\/\/www.rives-paris.com\/en\/wp-json\/wp\/v2\/media?parent=35667"}],"wp:term":[{"taxonomy":"product_brand","embeddable":true,"href":"https:\/\/www.rives-paris.com\/en\/wp-json\/wp\/v2\/product_brand?post=35667"},{"taxonomy":"product_cat","embeddable":true,"href":"https:\/\/www.rives-paris.com\/en\/wp-json\/wp\/v2\/product_cat?post=35667"},{"taxonomy":"product_tag","embeddable":true,"href":"https:\/\/www.rives-paris.com\/en\/wp-json\/wp\/v2\/product_tag?post=35667"}],"curies":[{"name":"wp","href":"https:\/\/api.w.org\/{rel}","templated":true}]}}