{"id":35662,"date":"2026-02-08T15:24:45","date_gmt":"2026-02-08T14:24:45","guid":{"rendered":"https:\/\/www.rives-paris.com\/uncategorized\/sur-chemise-tweed-ecossais-vert-vieilli\/"},"modified":"2026-04-13T23:34:39","modified_gmt":"2026-04-13T21:34:39","slug":"sur-chemise-tweed-ecossais-vert-vieilli","status":"publish","type":"product","link":"https:\/\/www.rives-paris.com\/en\/tailor-made\/sur-chemise-tweed-ecossais-vert-vieilli\/","title":{"rendered":"Sur-Chemise Tweed Vert Vieilli"},"content":{"rendered":"","protected":false},"excerpt":{"rendered":"<p>Sur-chemise r\u00e9alis\u00e9e dans un l\u00e9ger tweed \u00e9cossais vert vieilli. Elle pr\u00e9sente une coupe droite, un col fran\u00e7ais, des poches poitrine plaqu\u00e9es, des manches longues sans poignets et une fermeture par boutons en corne.<\/p>\n","protected":false},"featured_media":35393,"template":"","meta":{"_acf_changed":false},"product_brand":[],"product_cat":[494,192,319],"product_tag":[556,532],"class_list":{"0":"post-35662","1":"product","2":"type-product","3":"status-publish","4":"has-post-thumbnail","6":"product_cat-casual","7":"product_cat-shirts","8":"product_cat-tailor-made","9":"product_tag-4-saisons","10":"product_tag-business-casual","12":"first","13":"instock","14":"taxable","15":"shipping-taxable","16":"purchasable","17":"product-type-variable"},"acf":[],"yoast_head":"<!-- This site is optimized with the Yoast SEO plugin v27.4 - https:\/\/yoast.com\/product\/yoast-seo-wordpress\/ -->\n<title>Sur-Chemise Sur-Mesure Tweed \u00c9cossais Vert Vieilli | RIVES Paris \u00a9<\/title>\n<meta name=\"description\" content=\"Sur-chemise r\u00e9alis\u00e9e dans un l\u00e9ger tweed \u00e9cossais vert vieilli. Elle pr\u00e9sente une coupe droite, un col fran\u00e7ais, des poches poitrine plaqu\u00e9es, des manches longues sans poignets et une fermeture par boutons en corne.\" \/>\n<meta name=\"robots\" content=\"index, follow, max-snippet:-1, max-image-preview:large, max-video-preview:-1\" \/>\n<link rel=\"canonical\" href=\"https:\/\/www.rives-paris.com\/en\/tailor-made\/sur-chemise-tweed-ecossais-vert-vieilli\/\" \/>\n<meta property=\"og:locale\" content=\"en_US\" \/>\n<meta property=\"og:type\" content=\"article\" \/>\n<meta property=\"og:title\" content=\"Sur-Chemise Sur-Mesure Tweed \u00c9cossais Vert Vieilli | RIVES Paris \u00a9\" \/>\n<meta property=\"og:description\" content=\"Sur-chemise r\u00e9alis\u00e9e dans un l\u00e9ger tweed \u00e9cossais vert vieilli. Elle pr\u00e9sente une coupe droite, un col fran\u00e7ais, des poches poitrine plaqu\u00e9es, des manches longues sans poignets et une fermeture par boutons en corne.\" \/>\n<meta property=\"og:url\" content=\"https:\/\/www.rives-paris.com\/en\/tailor-made\/sur-chemise-tweed-ecossais-vert-vieilli\/\" \/>\n<meta property=\"og:site_name\" content=\"RIVES PARIS \u00ae\" \/>\n<meta property=\"article:publisher\" content=\"https:\/\/www.facebook.com\/rives.paris\/\" \/>\n<meta property=\"article:modified_time\" content=\"2026-04-13T21:34:39+00:00\" \/>\n<meta property=\"og:image\" content=\"https:\/\/www.rives-paris.com\/wp-content\/uploads\/2026\/02\/LOOK_00041_0947-scaled.jpg\" \/>\n\t<meta property=\"og:image:width\" content=\"1707\" \/>\n\t<meta property=\"og:image:height\" content=\"2560\" \/>\n\t<meta property=\"og:image:type\" content=\"image\/jpeg\" \/>\n<meta name=\"twitter:card\" content=\"summary_large_image\" \/>\n<!-- \/ Yoast SEO plugin. -->","yoast_head_json":{"title":"Sur-Chemise Sur-Mesure Tweed \u00c9cossais Vert Vieilli | RIVES Paris \u00a9","description":"Sur-chemise r\u00e9alis\u00e9e dans un l\u00e9ger tweed \u00e9cossais vert vieilli. Elle pr\u00e9sente une coupe droite, un col fran\u00e7ais, des poches poitrine plaqu\u00e9es, des manches longues sans poignets et une fermeture par boutons en corne.","robots":{"index":"index","follow":"follow","max-snippet":"max-snippet:-1","max-image-preview":"max-image-preview:large","max-video-preview":"max-video-preview:-1"},"canonical":"https:\/\/www.rives-paris.com\/en\/tailor-made\/sur-chemise-tweed-ecossais-vert-vieilli\/","og_locale":"en_US","og_type":"article","og_title":"Sur-Chemise Sur-Mesure Tweed \u00c9cossais Vert Vieilli | RIVES Paris \u00a9","og_description":"Sur-chemise r\u00e9alis\u00e9e dans un l\u00e9ger tweed \u00e9cossais vert vieilli. Elle pr\u00e9sente une coupe droite, un col fran\u00e7ais, des poches poitrine plaqu\u00e9es, des manches longues sans poignets et une fermeture par boutons en corne.","og_url":"https:\/\/www.rives-paris.com\/en\/tailor-made\/sur-chemise-tweed-ecossais-vert-vieilli\/","og_site_name":"RIVES PARIS \u00ae","article_publisher":"https:\/\/www.facebook.com\/rives.paris\/","article_modified_time":"2026-04-13T21:34:39+00:00","og_image":[{"width":1707,"height":2560,"url":"https:\/\/www.rives-paris.com\/wp-content\/uploads\/2026\/02\/LOOK_00041_0947-scaled.jpg","type":"image\/jpeg"}],"twitter_card":"summary_large_image","schema":{"@context":"https:\/\/schema.org","@graph":[{"@type":"WebPage","@id":"https:\/\/www.rives-paris.com\/en\/tailor-made\/sur-chemise-tweed-ecossais-vert-vieilli\/","url":"https:\/\/www.rives-paris.com\/en\/tailor-made\/sur-chemise-tweed-ecossais-vert-vieilli\/","name":"Sur-Chemise Sur-Mesure Tweed \u00c9cossais Vert Vieilli | RIVES Paris \u00a9","isPartOf":{"@id":"https:\/\/www.rives-paris.com\/en\/#website"},"primaryImageOfPage":{"@id":"https:\/\/www.rives-paris.com\/en\/tailor-made\/sur-chemise-tweed-ecossais-vert-vieilli\/#primaryimage"},"image":{"@id":"https:\/\/www.rives-paris.com\/en\/tailor-made\/sur-chemise-tweed-ecossais-vert-vieilli\/#primaryimage"},"thumbnailUrl":"https:\/\/www.rives-paris.com\/wp-content\/uploads\/2026\/02\/LOOK_00041_0947-scaled.jpg","datePublished":"2026-02-08T14:24:45+00:00","dateModified":"2026-04-13T21:34:39+00:00","description":"Sur-chemise r\u00e9alis\u00e9e dans un l\u00e9ger tweed \u00e9cossais vert vieilli. Elle pr\u00e9sente une coupe droite, un col fran\u00e7ais, des poches poitrine plaqu\u00e9es, des manches longues sans poignets et une fermeture par boutons en corne.","breadcrumb":{"@id":"https:\/\/www.rives-paris.com\/en\/tailor-made\/sur-chemise-tweed-ecossais-vert-vieilli\/#breadcrumb"},"inLanguage":"en-US","potentialAction":[{"@type":"ReadAction","target":["https:\/\/www.rives-paris.com\/en\/tailor-made\/sur-chemise-tweed-ecossais-vert-vieilli\/"]}]},{"@type":"ImageObject","inLanguage":"en-US","@id":"https:\/\/www.rives-paris.com\/en\/tailor-made\/sur-chemise-tweed-ecossais-vert-vieilli\/#primaryimage","url":"https:\/\/www.rives-paris.com\/wp-content\/uploads\/2026\/02\/LOOK_00041_0947-scaled.jpg","contentUrl":"https:\/\/www.rives-paris.com\/wp-content\/uploads\/2026\/02\/LOOK_00041_0947-scaled.jpg","width":1707,"height":2560},{"@type":"BreadcrumbList","@id":"https:\/\/www.rives-paris.com\/en\/tailor-made\/sur-chemise-tweed-ecossais-vert-vieilli\/#breadcrumb","itemListElement":[{"@type":"ListItem","position":1,"name":"Home","item":"https:\/\/www.rives-paris.com\/en\/"},{"@type":"ListItem","position":2,"name":"Ready-to-wear","item":"https:\/\/www.rives-paris.com\/en\/ready-to-wear\/"},{"@type":"ListItem","position":3,"name":"Tailor Made","item":"https:\/\/www.rives-paris.com\/en\/tailor-made\/"},{"@type":"ListItem","position":4,"name":"Sur-Chemise Tweed Vert Vieilli"}]},{"@type":"WebSite","@id":"https:\/\/www.rives-paris.com\/en\/#website","url":"https:\/\/www.rives-paris.com\/en\/","name":"RIVES PARIS \u00ae","description":"RIVES Paris propose des costumes sur mesure, des chemises, des chaussures et des accessoires confectionn\u00e9s dans des ateliers traditionnels","publisher":{"@id":"https:\/\/www.rives-paris.com\/en\/#organization"},"potentialAction":[{"@type":"SearchAction","target":{"@type":"EntryPoint","urlTemplate":"https:\/\/www.rives-paris.com\/en\/?s={search_term_string}"},"query-input":{"@type":"PropertyValueSpecification","valueRequired":true,"valueName":"search_term_string"}}],"inLanguage":"en-US"},{"@type":"Organization","@id":"https:\/\/www.rives-paris.com\/en\/#organization","name":"RIVES Paris.","url":"https:\/\/www.rives-paris.com\/en\/","logo":{"@type":"ImageObject","inLanguage":"en-US","@id":"https:\/\/www.rives-paris.com\/en\/#\/schema\/logo\/image\/","url":"https:\/\/www.rives-paris.com\/wp-content\/uploads\/2022\/02\/LOGO-RIVES-PARIS.svg","contentUrl":"https:\/\/www.rives-paris.com\/wp-content\/uploads\/2022\/02\/LOGO-RIVES-PARIS.svg","width":1,"height":1,"caption":"RIVES Paris."},"image":{"@id":"https:\/\/www.rives-paris.com\/en\/#\/schema\/logo\/image\/"},"sameAs":["https:\/\/www.facebook.com\/rives.paris\/","https:\/\/www.instagram.com\/rives_paris\/?hl=fr"]}]}},"_links":{"self":[{"href":"https:\/\/www.rives-paris.com\/en\/wp-json\/wp\/v2\/product\/35662","targetHints":{"allow":["GET"]}}],"collection":[{"href":"https:\/\/www.rives-paris.com\/en\/wp-json\/wp\/v2\/product"}],"about":[{"href":"https:\/\/www.rives-paris.com\/en\/wp-json\/wp\/v2\/types\/product"}],"wp:featuredmedia":[{"embeddable":true,"href":"https:\/\/www.rives-paris.com\/en\/wp-json\/wp\/v2\/media\/35393"}],"wp:attachment":[{"href":"https:\/\/www.rives-paris.com\/en\/wp-json\/wp\/v2\/media?parent=35662"}],"wp:term":[{"taxonomy":"product_brand","embeddable":true,"href":"https:\/\/www.rives-paris.com\/en\/wp-json\/wp\/v2\/product_brand?post=35662"},{"taxonomy":"product_cat","embeddable":true,"href":"https:\/\/www.rives-paris.com\/en\/wp-json\/wp\/v2\/product_cat?post=35662"},{"taxonomy":"product_tag","embeddable":true,"href":"https:\/\/www.rives-paris.com\/en\/wp-json\/wp\/v2\/product_tag?post=35662"}],"curies":[{"name":"wp","href":"https:\/\/api.w.org\/{rel}","templated":true}]}}