{"id":35659,"date":"2026-02-12T15:24:47","date_gmt":"2026-02-12T14:24:47","guid":{"rendered":"https:\/\/www.rives-paris.com\/uncategorized\/pantalon-sur-mesure-denim-blanc-casse\/"},"modified":"2026-03-05T12:32:42","modified_gmt":"2026-03-05T11:32:42","slug":"pantalon-sur-mesure-denim-blanc-casse","status":"publish","type":"product","link":"https:\/\/www.rives-paris.com\/en\/tailor-made\/pantalon-sur-mesure-denim-blanc-casse\/","title":{"rendered":"PANTALON DENIM BLANC CASS\u00c9"},"content":{"rendered":"","protected":false},"excerpt":{"rendered":"<p>Pantalon r\u00e9alis\u00e9 dans un denim japonais blanc cass\u00e9. Con\u00e7u pour toutes les saisons, ce pantalon pr\u00e9sente une coupe confortable, une taille haute, deux pinces sur le devant et un bas fini simple.<\/p>\n","protected":false},"featured_media":35429,"template":"","meta":{"_acf_changed":false},"product_brand":[],"product_cat":[485,319,196],"product_tag":[556],"class_list":{"0":"post-35659","1":"product","2":"type-product","3":"status-publish","4":"has-post-thumbnail","6":"product_cat-denim","7":"product_cat-tailor-made","8":"product_cat-tailor-made-trousers","9":"product_tag-4-saisons","11":"first","12":"instock","13":"taxable","14":"shipping-taxable","15":"purchasable","16":"product-type-variable"},"acf":[],"yoast_head":"<!-- This site is optimized with the Yoast SEO plugin v27.3 - https:\/\/yoast.com\/product\/yoast-seo-wordpress\/ -->\n<title>Japanese Off-White Denim Tailor-Made Trousers | RIVES Paris \u00a9<\/title>\n<meta name=\"description\" content=\"Trousers crafted from Japanese off-white denim. Designed for all seasons, these trousers feature a comfortable cut, a high waist, two pleats on the front and a simple finished bottom.\" \/>\n<meta name=\"robots\" content=\"index, follow, max-snippet:-1, max-image-preview:large, max-video-preview:-1\" \/>\n<link rel=\"canonical\" href=\"https:\/\/www.rives-paris.com\/en\/tailor-made\/pantalon-sur-mesure-denim-blanc-casse\/\" \/>\n<meta property=\"og:locale\" content=\"en_US\" \/>\n<meta property=\"og:type\" content=\"article\" \/>\n<meta property=\"og:title\" content=\"Japanese Off-White Denim Tailor-Made Trousers | RIVES Paris \u00a9\" \/>\n<meta property=\"og:description\" content=\"Trousers crafted from Japanese off-white denim. Designed for all seasons, these trousers feature a comfortable cut, a high waist, two pleats on the front and a simple finished bottom.\" \/>\n<meta property=\"og:url\" content=\"https:\/\/www.rives-paris.com\/en\/tailor-made\/pantalon-sur-mesure-denim-blanc-casse\/\" \/>\n<meta property=\"og:site_name\" content=\"RIVES PARIS \u00ae\" \/>\n<meta property=\"article:publisher\" content=\"https:\/\/www.facebook.com\/rives.paris\/\" \/>\n<meta property=\"article:modified_time\" content=\"2026-03-05T11:32:42+00:00\" \/>\n<meta property=\"og:image\" content=\"https:\/\/www.rives-paris.com\/wp-content\/uploads\/2026\/02\/LOOK_00053_1173-scaled.jpg\" \/>\n\t<meta property=\"og:image:width\" content=\"1707\" \/>\n\t<meta property=\"og:image:height\" content=\"2560\" \/>\n\t<meta property=\"og:image:type\" content=\"image\/jpeg\" \/>\n<meta name=\"twitter:card\" content=\"summary_large_image\" \/>\n<!-- \/ Yoast SEO plugin. -->","yoast_head_json":{"title":"Japanese Off-White Denim Tailor-Made Trousers | RIVES Paris \u00a9","description":"Trousers crafted from Japanese off-white denim. Designed for all seasons, these trousers feature a comfortable cut, a high waist, two pleats on the front and a simple finished bottom.","robots":{"index":"index","follow":"follow","max-snippet":"max-snippet:-1","max-image-preview":"max-image-preview:large","max-video-preview":"max-video-preview:-1"},"canonical":"https:\/\/www.rives-paris.com\/en\/tailor-made\/pantalon-sur-mesure-denim-blanc-casse\/","og_locale":"en_US","og_type":"article","og_title":"Japanese Off-White Denim Tailor-Made Trousers | RIVES Paris \u00a9","og_description":"Trousers crafted from Japanese off-white denim. Designed for all seasons, these trousers feature a comfortable cut, a high waist, two pleats on the front and a simple finished bottom.","og_url":"https:\/\/www.rives-paris.com\/en\/tailor-made\/pantalon-sur-mesure-denim-blanc-casse\/","og_site_name":"RIVES PARIS \u00ae","article_publisher":"https:\/\/www.facebook.com\/rives.paris\/","article_modified_time":"2026-03-05T11:32:42+00:00","og_image":[{"width":1707,"height":2560,"url":"https:\/\/www.rives-paris.com\/wp-content\/uploads\/2026\/02\/LOOK_00053_1173-scaled.jpg","type":"image\/jpeg"}],"twitter_card":"summary_large_image","schema":{"@context":"https:\/\/schema.org","@graph":[{"@type":"WebPage","@id":"https:\/\/www.rives-paris.com\/en\/tailor-made\/pantalon-sur-mesure-denim-blanc-casse\/","url":"https:\/\/www.rives-paris.com\/en\/tailor-made\/pantalon-sur-mesure-denim-blanc-casse\/","name":"Japanese Off-White Denim Tailor-Made Trousers | RIVES Paris \u00a9","isPartOf":{"@id":"https:\/\/www.rives-paris.com\/en\/#website"},"primaryImageOfPage":{"@id":"https:\/\/www.rives-paris.com\/en\/tailor-made\/pantalon-sur-mesure-denim-blanc-casse\/#primaryimage"},"image":{"@id":"https:\/\/www.rives-paris.com\/en\/tailor-made\/pantalon-sur-mesure-denim-blanc-casse\/#primaryimage"},"thumbnailUrl":"https:\/\/www.rives-paris.com\/wp-content\/uploads\/2026\/02\/LOOK_00053_1173-scaled.jpg","datePublished":"2026-02-12T14:24:47+00:00","dateModified":"2026-03-05T11:32:42+00:00","description":"Trousers crafted from Japanese off-white denim. Designed for all seasons, these trousers feature a comfortable cut, a high waist, two pleats on the front and a simple finished bottom.","breadcrumb":{"@id":"https:\/\/www.rives-paris.com\/en\/tailor-made\/pantalon-sur-mesure-denim-blanc-casse\/#breadcrumb"},"inLanguage":"en-US","potentialAction":[{"@type":"ReadAction","target":["https:\/\/www.rives-paris.com\/en\/tailor-made\/pantalon-sur-mesure-denim-blanc-casse\/"]}]},{"@type":"ImageObject","inLanguage":"en-US","@id":"https:\/\/www.rives-paris.com\/en\/tailor-made\/pantalon-sur-mesure-denim-blanc-casse\/#primaryimage","url":"https:\/\/www.rives-paris.com\/wp-content\/uploads\/2026\/02\/LOOK_00053_1173-scaled.jpg","contentUrl":"https:\/\/www.rives-paris.com\/wp-content\/uploads\/2026\/02\/LOOK_00053_1173-scaled.jpg","width":1707,"height":2560},{"@type":"BreadcrumbList","@id":"https:\/\/www.rives-paris.com\/en\/tailor-made\/pantalon-sur-mesure-denim-blanc-casse\/#breadcrumb","itemListElement":[{"@type":"ListItem","position":1,"name":"Home","item":"https:\/\/www.rives-paris.com\/en\/"},{"@type":"ListItem","position":2,"name":"Ready-to-wear","item":"https:\/\/www.rives-paris.com\/en\/ready-to-wear\/"},{"@type":"ListItem","position":3,"name":"Tailor Made","item":"https:\/\/www.rives-paris.com\/en\/tailor-made\/"},{"@type":"ListItem","position":4,"name":"PANTALON DENIM BLANC CASS\u00c9"}]},{"@type":"WebSite","@id":"https:\/\/www.rives-paris.com\/en\/#website","url":"https:\/\/www.rives-paris.com\/en\/","name":"RIVES PARIS \u00ae","description":"RIVES Paris propose des costumes sur mesure, des chemises, des chaussures et des accessoires confectionn\u00e9s dans des ateliers traditionnels","publisher":{"@id":"https:\/\/www.rives-paris.com\/en\/#organization"},"potentialAction":[{"@type":"SearchAction","target":{"@type":"EntryPoint","urlTemplate":"https:\/\/www.rives-paris.com\/en\/?s={search_term_string}"},"query-input":{"@type":"PropertyValueSpecification","valueRequired":true,"valueName":"search_term_string"}}],"inLanguage":"en-US"},{"@type":"Organization","@id":"https:\/\/www.rives-paris.com\/en\/#organization","name":"RIVES Paris.","url":"https:\/\/www.rives-paris.com\/en\/","logo":{"@type":"ImageObject","inLanguage":"en-US","@id":"https:\/\/www.rives-paris.com\/en\/#\/schema\/logo\/image\/","url":"https:\/\/www.rives-paris.com\/wp-content\/uploads\/2022\/02\/LOGO-RIVES-PARIS.svg","contentUrl":"https:\/\/www.rives-paris.com\/wp-content\/uploads\/2022\/02\/LOGO-RIVES-PARIS.svg","width":1,"height":1,"caption":"RIVES Paris."},"image":{"@id":"https:\/\/www.rives-paris.com\/en\/#\/schema\/logo\/image\/"},"sameAs":["https:\/\/www.facebook.com\/rives.paris\/","https:\/\/www.instagram.com\/rives_paris\/?hl=fr"]}]}},"_links":{"self":[{"href":"https:\/\/www.rives-paris.com\/en\/wp-json\/wp\/v2\/product\/35659","targetHints":{"allow":["GET"]}}],"collection":[{"href":"https:\/\/www.rives-paris.com\/en\/wp-json\/wp\/v2\/product"}],"about":[{"href":"https:\/\/www.rives-paris.com\/en\/wp-json\/wp\/v2\/types\/product"}],"wp:featuredmedia":[{"embeddable":true,"href":"https:\/\/www.rives-paris.com\/en\/wp-json\/wp\/v2\/media\/35429"}],"wp:attachment":[{"href":"https:\/\/www.rives-paris.com\/en\/wp-json\/wp\/v2\/media?parent=35659"}],"wp:term":[{"taxonomy":"product_brand","embeddable":true,"href":"https:\/\/www.rives-paris.com\/en\/wp-json\/wp\/v2\/product_brand?post=35659"},{"taxonomy":"product_cat","embeddable":true,"href":"https:\/\/www.rives-paris.com\/en\/wp-json\/wp\/v2\/product_cat?post=35659"},{"taxonomy":"product_tag","embeddable":true,"href":"https:\/\/www.rives-paris.com\/en\/wp-json\/wp\/v2\/product_tag?post=35659"}],"curies":[{"name":"wp","href":"https:\/\/api.w.org\/{rel}","templated":true}]}}