{"id":3894,"date":"2022-01-26T17:20:39","date_gmt":"2022-01-26T16:20:39","guid":{"rendered":"https:\/\/rives-paris.com\/eshop\/mentions-legales\/"},"modified":"2024-02-01T10:08:36","modified_gmt":"2024-02-01T09:08:36","slug":"legal-informations","status":"publish","type":"page","link":"https:\/\/www.rives-paris.com\/en\/legal-informations\/","title":{"rendered":"Mentions l\u00e9gales"},"content":{"rendered":"\n<h1 class=\"wp-block-heading\">Mentions l\u00e9gales<\/h1>\n\n<p>Le site internet disponible \u00e0 l&#8217;adresse www.rives-paris.com (\u00able site\u00bb) est \u00e9dit\u00e9 par la soci\u00e9t\u00e9 LES DANDYS qui exploite le nom commercial et la marque RIVES.<\/p>\n\n<p>Le site a \u00e9t\u00e9 d\u00e9velopp\u00e9 par Studio Tardy et est h\u00e9berg\u00e9 par OVH SAS, filiale de la soci\u00e9t\u00e9 OVH Groupe SAS, soci\u00e9t\u00e9 immatricul\u00e9e au RCS de Lille sous le num\u00e9ro 537 407 926 sise 2, rue Kellermann, 59100 Roubaix..<\/p>\n\n<p>La soci\u00e9t\u00e9 LES DANDYS est une soci\u00e9t\u00e9 \u00e0 responsabilit\u00e9 limit\u00e9e au capital de 43 360 euros, immatricul\u00e9e sous le num\u00e9ro 514 99 375 au RCS de Paris, dont le si\u00e8ge social est situ\u00e9 23, rue Pasquier 75008 Paris, TVA intracommunautaire FR90514499375 &#8211; num\u00e9ro de t\u00e9l\u00e9phone:+ 33 (0)9 62 58 09 &#8211; adresse e-mail: contact@rives-paris.com<\/p>\n\n<p>Le directeur de publication du site est Antoine Salmon, CEO<\/p>\n\n<p>La plateforme europ\u00e9enne de r\u00e8glement en ligne des litiges (RLL) est mise \u00e0 la disposition des clients pour r\u00e9gler leur litige en droit de la consommation: <a href=\"https:\/\/webgate.ec.europa.eu\/odr\/main\/index.cfm?event=main.home.show&amp;lng=FR\">https:\/\/webgate.ec.europa.eu\/odr\/main\/index.cfm?event=main.home.show&amp;lng=FR<\/a>.<\/p>\n\n<p>L&#8217;acc\u00e8s au site et l&#8217;utilisation de son contenu sont effectu\u00e9s en vertu des pr\u00e9sentes conditions d&#8217;utilisation. En acc\u00e9dant et en naviguant sur le site, l\u2019internaute accepte ces conditions d\u2019utilisation. RIVES s&#8217;efforce d\u2019assurer l&#8217;exactitude et la mise \u00e0 jour des informations publi\u00e9es sur ce site, et se r\u00e9serve le droit de modifier le contenu \u00e0 tout moment.<\/p>\n\n<p>Nous vous invitons \u00e0 prendre connaissance, avant de naviguer sur ce site, des r\u00e8gles d\u2019utilisation des Cookies, de la <a href=\"https:\/\/www.rives-paris.com\/en\/privacy-policy\/\">politique d\u2019utilisation des donn\u00e9es personnelles<\/a> et de nos <a href=\"https:\/\/www.rives-paris.com\/en\/terms-and-conditions\/\">conditions g\u00e9n\u00e9rales de vente <\/a>en cas d\u2019achat sur le site.<\/p>\n\n<h2 class=\"wp-block-heading\" id=\"droits-de-propriete-intellectuelle-de-rives\">Droits de propri\u00e9t\u00e9 intellectuelle de RIVES<\/h2>\n\n<p>L&#8217;int\u00e9gralit\u00e9 du site et de ses composants ou contenus (tels que les marques, noms de domaine, logiciels, design, textes, images, photographies, illustrations, emballages, motifs, logos, sons et musiques) est la propri\u00e9t\u00e9 exclusive de RIVES (SARL LES DANDYS) ou cette derni\u00e8re a \u00e9t\u00e9 d\u00fbment autoris\u00e9e \u00e0 les exploiter.<\/p>\n\n<p>En cons\u00e9quence aucun contenu du site ne peut \u00eatre utilis\u00e9, reproduit, distribu\u00e9 ou publi\u00e9 en totalit\u00e9 ou en partie sans l&#8217;autorisation \u00e9crite pr\u00e9alable de RIVES.<\/p>\n\n<p>La cr\u00e9ation de liens simples ou d&#8217;hyperliens vers le site https:\/\/www.rives-paris.com\/ est soumis au consentement pr\u00e9alable \u00e9crit de Rives, qui peut \u00eatre r\u00e9voqu\u00e9 \u00e0 tout moment si les conditions de l\u2019autorisation pr\u00e9alables ne sont pas respect\u00e9es.<\/p>\n\n<p>RIVES d\u00e9cline toute responsabilit\u00e9 sur les conditions d\u2019utilisation et le contenu, quel qu\u2019il soit, des sites tiers \u00e0 partir desquels des liens hypertextes permettent l\u2019acc\u00e8s au pr\u00e9sent site.<\/p>\n","protected":false},"excerpt":{"rendered":"<p>Mentions l\u00e9gales Le site internet disponible \u00e0 l&#8217;adresse www.rives-paris.com (\u00able site\u00bb) est \u00e9dit\u00e9 par la soci\u00e9t\u00e9 LES DANDYS qui exploite le nom commercial et la marque RIVES. Le site a \u00e9t\u00e9 d\u00e9velopp\u00e9 par Studio Tardy et est h\u00e9berg\u00e9 par OVH SAS, filiale de la soci\u00e9t\u00e9 OVH Groupe SAS, soci\u00e9t\u00e9 immatricul\u00e9e au RCS de Lille sous [&hellip;]<\/p>\n","protected":false},"author":1,"featured_media":0,"parent":0,"menu_order":23,"comment_status":"closed","ping_status":"closed","template":"template-marges.php","meta":{"_acf_changed":false,"footnotes":""},"class_list":["post-3894","page","type-page","status-publish","hentry"],"acf":[],"yoast_head":"<!-- This site is optimized with the Yoast SEO plugin v27.3 - https:\/\/yoast.com\/product\/yoast-seo-wordpress\/ -->\n<title>Mentions l\u00e9gales | RIVES PARIS \u00ae<\/title>\n<meta name=\"description\" content=\"The website available at the address www.rives-paris.com (\u201cthe site\u201d) is published by the company LES DANDYS which uses the commercial name and the RIVES brand.\" \/>\n<meta name=\"robots\" content=\"noindex, follow\" \/>\n<meta property=\"og:locale\" content=\"en_US\" \/>\n<meta property=\"og:type\" content=\"article\" \/>\n<meta property=\"og:title\" content=\"Mentions l\u00e9gales | RIVES PARIS \u00ae\" \/>\n<meta property=\"og:description\" content=\"The website available at the address www.rives-paris.com (\u201cthe site\u201d) is published by the company LES DANDYS which uses the commercial name and the RIVES brand.\" \/>\n<meta property=\"og:url\" content=\"https:\/\/www.rives-paris.com\/en\/legal-informations\/\" \/>\n<meta property=\"og:site_name\" content=\"RIVES PARIS \u00ae\" \/>\n<meta property=\"article:publisher\" content=\"https:\/\/www.facebook.com\/rives.paris\/\" \/>\n<meta property=\"article:modified_time\" content=\"2024-02-01T09:08:36+00:00\" \/>\n<meta name=\"twitter:card\" content=\"summary_large_image\" \/>\n<meta name=\"twitter:label1\" content=\"Est. reading time\" \/>\n\t<meta name=\"twitter:data1\" content=\"2 minutes\" \/>\n<!-- \/ Yoast SEO plugin. -->","yoast_head_json":{"title":"Mentions l\u00e9gales | RIVES PARIS \u00ae","description":"The website available at the address www.rives-paris.com (\u201cthe site\u201d) is published by the company LES DANDYS which uses the commercial name and the RIVES brand.","robots":{"index":"noindex","follow":"follow"},"og_locale":"en_US","og_type":"article","og_title":"Mentions l\u00e9gales | RIVES PARIS \u00ae","og_description":"The website available at the address www.rives-paris.com (\u201cthe site\u201d) is published by the company LES DANDYS which uses the commercial name and the RIVES brand.","og_url":"https:\/\/www.rives-paris.com\/en\/legal-informations\/","og_site_name":"RIVES PARIS \u00ae","article_publisher":"https:\/\/www.facebook.com\/rives.paris\/","article_modified_time":"2024-02-01T09:08:36+00:00","twitter_card":"summary_large_image","twitter_misc":{"Est. reading time":"2 minutes"},"schema":{"@context":"https:\/\/schema.org","@graph":[{"@type":"WebPage","@id":"https:\/\/www.rives-paris.com\/en\/legal-informations\/","url":"https:\/\/www.rives-paris.com\/en\/legal-informations\/","name":"Mentions l\u00e9gales | RIVES PARIS \u00ae","isPartOf":{"@id":"https:\/\/www.rives-paris.com\/en\/#website"},"datePublished":"2022-01-26T16:20:39+00:00","dateModified":"2024-02-01T09:08:36+00:00","description":"The website available at the address www.rives-paris.com (\u201cthe site\u201d) is published by the company LES DANDYS which uses the commercial name and the RIVES brand.","breadcrumb":{"@id":"https:\/\/www.rives-paris.com\/en\/legal-informations\/#breadcrumb"},"inLanguage":"en-US","potentialAction":[{"@type":"ReadAction","target":["https:\/\/www.rives-paris.com\/en\/legal-informations\/"]}]},{"@type":"BreadcrumbList","@id":"https:\/\/www.rives-paris.com\/en\/legal-informations\/#breadcrumb","itemListElement":[{"@type":"ListItem","position":1,"name":"Home","item":"https:\/\/www.rives-paris.com\/en\/"},{"@type":"ListItem","position":2,"name":"Mentions l\u00e9gales"}]},{"@type":"WebSite","@id":"https:\/\/www.rives-paris.com\/en\/#website","url":"https:\/\/www.rives-paris.com\/en\/","name":"RIVES PARIS \u00ae","description":"RIVES Paris propose des costumes sur mesure, des chemises, des chaussures et des accessoires confectionn\u00e9s dans des ateliers traditionnels","publisher":{"@id":"https:\/\/www.rives-paris.com\/en\/#organization"},"potentialAction":[{"@type":"SearchAction","target":{"@type":"EntryPoint","urlTemplate":"https:\/\/www.rives-paris.com\/en\/?s={search_term_string}"},"query-input":{"@type":"PropertyValueSpecification","valueRequired":true,"valueName":"search_term_string"}}],"inLanguage":"en-US"},{"@type":"Organization","@id":"https:\/\/www.rives-paris.com\/en\/#organization","name":"RIVES Paris.","url":"https:\/\/www.rives-paris.com\/en\/","logo":{"@type":"ImageObject","inLanguage":"en-US","@id":"https:\/\/www.rives-paris.com\/en\/#\/schema\/logo\/image\/","url":"https:\/\/www.rives-paris.com\/wp-content\/uploads\/2022\/02\/LOGO-RIVES-PARIS.svg","contentUrl":"https:\/\/www.rives-paris.com\/wp-content\/uploads\/2022\/02\/LOGO-RIVES-PARIS.svg","width":1,"height":1,"caption":"RIVES Paris."},"image":{"@id":"https:\/\/www.rives-paris.com\/en\/#\/schema\/logo\/image\/"},"sameAs":["https:\/\/www.facebook.com\/rives.paris\/","https:\/\/www.instagram.com\/rives_paris\/?hl=fr"]}]}},"_links":{"self":[{"href":"https:\/\/www.rives-paris.com\/en\/wp-json\/wp\/v2\/pages\/3894","targetHints":{"allow":["GET"]}}],"collection":[{"href":"https:\/\/www.rives-paris.com\/en\/wp-json\/wp\/v2\/pages"}],"about":[{"href":"https:\/\/www.rives-paris.com\/en\/wp-json\/wp\/v2\/types\/page"}],"author":[{"embeddable":true,"href":"https:\/\/www.rives-paris.com\/en\/wp-json\/wp\/v2\/users\/1"}],"replies":[{"embeddable":true,"href":"https:\/\/www.rives-paris.com\/en\/wp-json\/wp\/v2\/comments?post=3894"}],"version-history":[{"count":0,"href":"https:\/\/www.rives-paris.com\/en\/wp-json\/wp\/v2\/pages\/3894\/revisions"}],"wp:attachment":[{"href":"https:\/\/www.rives-paris.com\/en\/wp-json\/wp\/v2\/media?parent=3894"}],"curies":[{"name":"wp","href":"https:\/\/api.w.org\/{rel}","templated":true}]}}