{"id":23148,"date":"2023-09-26T17:28:41","date_gmt":"2023-09-26T15:28:41","guid":{"rendered":"https:\/\/www.rives-paris.com\/wedding\/3-pieces\/"},"modified":"2024-03-07T01:52:37","modified_gmt":"2024-03-07T00:52:37","slug":"3-pieces","status":"publish","type":"page","link":"https:\/\/www.rives-paris.com\/en\/wedding\/3-pieces\/","title":{"rendered":"3 pieces"},"content":{"rendered":"\n<div class=\"wp-block-group groupe-titre-famille-produit\"><div class=\"wp-block-group__inner-container is-layout-constrained wp-block-group-is-layout-constrained\">\n<h1 class=\"wp-block-heading titre-famille-produits\">3-PIECE WEDDING LOOKS<\/h1>\n\n\n\n<p>FOR YOUR INSPIRATION, RIVES OFFERS A SELECTION OF TAILOR-MADE 3-PIECE SUITS FOR WEDDINGS. <\/p>\n\n\n\n<div class=\"wp-block-columns is-layout-flex wp-container-core-columns-is-layout-9d6595d7 wp-block-columns-is-layout-flex\">\n<div class=\"wp-block-column is-layout-flow wp-block-column-is-layout-flow\">\n<div class=\"wp-block-group vignette-produit-sur-mesure\"><div class=\"wp-block-group__inner-container is-layout-constrained wp-block-group-is-layout-constrained\">\n<figure class=\"wp-block-image size-large\"><a href=\"https:\/\/www.rives-paris.com\/en\/wedding\/3-pieces\/3-piece-look-01\/\"><img loading=\"lazy\" decoding=\"async\" width=\"720\" height=\"1024\" src=\"https:\/\/www.rives-paris.com\/wp-content\/uploads\/2023\/10\/collection-299-2-720x1024.png\" alt=\"3 Piece Navy Blue Tailor-made Wedding Suit | Rives Paris \u00a9\" class=\"wp-image-18218\" srcset=\"https:\/\/www.rives-paris.com\/wp-content\/uploads\/2023\/10\/collection-299-2-720x1024.png 720w, https:\/\/www.rives-paris.com\/wp-content\/uploads\/2023\/10\/collection-299-2-800x1138.png 800w, https:\/\/www.rives-paris.com\/wp-content\/uploads\/2023\/10\/collection-299-2-351x500.png 351w, https:\/\/www.rives-paris.com\/wp-content\/uploads\/2023\/10\/collection-299-2-768x1093.png 768w, https:\/\/www.rives-paris.com\/wp-content\/uploads\/2023\/10\/collection-299-2-1079x1536.png 1079w, https:\/\/www.rives-paris.com\/wp-content\/uploads\/2023\/10\/collection-299-2-1439x2048.png 1439w, https:\/\/www.rives-paris.com\/wp-content\/uploads\/2023\/10\/collection-299-2.png 1799w\" sizes=\"auto, (max-width: 720px) 100vw, 720px\" \/><\/a><\/figure>\n\n\n\n<h3 class=\"wp-block-heading\"><a href=\"https:\/\/www.rives-paris.com\/en\/wedding\/3-pieces\/3-piece-look-01\/\">3 PIECE LOOK &#8211; 01<\/a><\/h3>\n<\/div><\/div>\n<\/div>\n\n\n\n<div class=\"wp-block-column is-layout-flow wp-block-column-is-layout-flow\">\n<div class=\"wp-block-group vignette-produit-sur-mesure\"><div class=\"wp-block-group__inner-container is-layout-constrained wp-block-group-is-layout-constrained\">\n<figure class=\"wp-block-image size-large\"><a href=\"https:\/\/www.rives-paris.com\/en\/wedding\/3-pieces\/3-piece-look-02\/\"><img loading=\"lazy\" decoding=\"async\" width=\"720\" height=\"1024\" src=\"https:\/\/www.rives-paris.com\/wp-content\/uploads\/2023\/10\/collection-202-720x1024.png\" alt=\"3 Piece Tailor-made Wedding Suit Luminous Blue | Rives Paris \u00a9\" class=\"wp-image-18222\" srcset=\"https:\/\/www.rives-paris.com\/wp-content\/uploads\/2023\/10\/collection-202-720x1024.png 720w, https:\/\/www.rives-paris.com\/wp-content\/uploads\/2023\/10\/collection-202-800x1138.png 800w, https:\/\/www.rives-paris.com\/wp-content\/uploads\/2023\/10\/collection-202-351x500.png 351w, https:\/\/www.rives-paris.com\/wp-content\/uploads\/2023\/10\/collection-202-768x1093.png 768w, https:\/\/www.rives-paris.com\/wp-content\/uploads\/2023\/10\/collection-202-1079x1536.png 1079w, https:\/\/www.rives-paris.com\/wp-content\/uploads\/2023\/10\/collection-202-1439x2048.png 1439w, https:\/\/www.rives-paris.com\/wp-content\/uploads\/2023\/10\/collection-202.png 1799w\" sizes=\"auto, (max-width: 720px) 100vw, 720px\" \/><\/a><\/figure>\n\n\n\n<h3 class=\"wp-block-heading\"><a href=\"https:\/\/www.rives-paris.com\/en\/wedding\/3-pieces\/3-piece-look-02\/\">3 PIECE LOOK &#8211; 02<\/a><\/h3>\n<\/div><\/div>\n<\/div>\n\n\n\n<div class=\"wp-block-column is-layout-flow wp-block-column-is-layout-flow\">\n<div class=\"wp-block-group vignette-produit-sur-mesure\"><div class=\"wp-block-group__inner-container is-layout-constrained wp-block-group-is-layout-constrained\">\n<figure class=\"wp-block-image size-large\"><a href=\"https:\/\/www.rives-paris.com\/en\/wedding\/3-pieces\/3-piece-look-03\/\"><img loading=\"lazy\" decoding=\"async\" width=\"720\" height=\"1024\" src=\"https:\/\/www.rives-paris.com\/wp-content\/uploads\/2023\/10\/collection-291-720x1024.png\" alt=\"3 Piece Wedding Suit Medium Grey Tailor-made | Rives Paris \u00a9\" class=\"wp-image-18226\" srcset=\"https:\/\/www.rives-paris.com\/wp-content\/uploads\/2023\/10\/collection-291-720x1024.png 720w, https:\/\/www.rives-paris.com\/wp-content\/uploads\/2023\/10\/collection-291-800x1138.png 800w, https:\/\/www.rives-paris.com\/wp-content\/uploads\/2023\/10\/collection-291-351x500.png 351w, https:\/\/www.rives-paris.com\/wp-content\/uploads\/2023\/10\/collection-291-768x1093.png 768w, https:\/\/www.rives-paris.com\/wp-content\/uploads\/2023\/10\/collection-291-1079x1536.png 1079w, https:\/\/www.rives-paris.com\/wp-content\/uploads\/2023\/10\/collection-291-1439x2048.png 1439w, https:\/\/www.rives-paris.com\/wp-content\/uploads\/2023\/10\/collection-291.png 1799w\" sizes=\"auto, (max-width: 720px) 100vw, 720px\" \/><\/a><\/figure>\n\n\n\n<h3 class=\"wp-block-heading\"><a href=\"https:\/\/www.rives-paris.com\/en\/wedding\/3-pieces\/3-piece-look-03\/\">3 PIECE LOOK &#8211; 03<\/a><\/h3>\n<\/div><\/div>\n<\/div>\n<\/div>\n\n\n\n<div class=\"wp-block-columns is-layout-flex wp-container-core-columns-is-layout-9d6595d7 wp-block-columns-is-layout-flex\">\n<div class=\"wp-block-column is-layout-flow wp-block-column-is-layout-flow\">\n<div class=\"wp-block-group vignette-produit-sur-mesure\"><div class=\"wp-block-group__inner-container is-layout-constrained wp-block-group-is-layout-constrained\">\n<figure class=\"wp-block-image size-large\"><a href=\"https:\/\/www.rives-paris.com\/en\/wedding\/3-pieces\/3-piece-look-04\/\"><img loading=\"lazy\" decoding=\"async\" width=\"720\" height=\"1024\" src=\"https:\/\/www.rives-paris.com\/wp-content\/uploads\/2023\/10\/collection-282-2-720x1024.png\" alt=\"Tailor-made 3-piece Wedding Suit Dark Green | Rives Paris \u00a9\" class=\"wp-image-18231\" srcset=\"https:\/\/www.rives-paris.com\/wp-content\/uploads\/2023\/10\/collection-282-2-720x1024.png 720w, https:\/\/www.rives-paris.com\/wp-content\/uploads\/2023\/10\/collection-282-2-800x1138.png 800w, https:\/\/www.rives-paris.com\/wp-content\/uploads\/2023\/10\/collection-282-2-351x500.png 351w, https:\/\/www.rives-paris.com\/wp-content\/uploads\/2023\/10\/collection-282-2-768x1093.png 768w, https:\/\/www.rives-paris.com\/wp-content\/uploads\/2023\/10\/collection-282-2-1079x1536.png 1079w, https:\/\/www.rives-paris.com\/wp-content\/uploads\/2023\/10\/collection-282-2-1439x2048.png 1439w, https:\/\/www.rives-paris.com\/wp-content\/uploads\/2023\/10\/collection-282-2.png 1799w\" sizes=\"auto, (max-width: 720px) 100vw, 720px\" \/><\/a><\/figure>\n\n\n\n<h3 class=\"wp-block-heading\"><a href=\"https:\/\/www.rives-paris.com\/en\/wedding\/3-pieces\/3-piece-look-04\/\">3 PIECE LOOK &#8211; 04<\/a><\/h3>\n<\/div><\/div>\n<\/div>\n\n\n\n<div class=\"wp-block-column is-layout-flow wp-block-column-is-layout-flow\">\n<div class=\"wp-block-group vignette-produit-sur-mesure\"><div class=\"wp-block-group__inner-container is-layout-constrained wp-block-group-is-layout-constrained\">\n<figure class=\"wp-block-image size-large\"><a href=\"https:\/\/www.rives-paris.com\/en\/wedding\/3-pieces\/3-piece-look-05\/\"><img loading=\"lazy\" decoding=\"async\" width=\"720\" height=\"1024\" src=\"https:\/\/www.rives-paris.com\/wp-content\/uploads\/2023\/10\/collection-172-2-720x1024.png\" alt=\"Tailor-made 3 Piece Wedding Tuxedo In Black Woolen Linen | Rives Paris \u00a9 - Rives Paris\" class=\"wp-image-18236\" srcset=\"https:\/\/www.rives-paris.com\/wp-content\/uploads\/2023\/10\/collection-172-2-720x1024.png 720w, https:\/\/www.rives-paris.com\/wp-content\/uploads\/2023\/10\/collection-172-2-800x1138.png 800w, https:\/\/www.rives-paris.com\/wp-content\/uploads\/2023\/10\/collection-172-2-351x500.png 351w, https:\/\/www.rives-paris.com\/wp-content\/uploads\/2023\/10\/collection-172-2-768x1093.png 768w, https:\/\/www.rives-paris.com\/wp-content\/uploads\/2023\/10\/collection-172-2-1079x1536.png 1079w, https:\/\/www.rives-paris.com\/wp-content\/uploads\/2023\/10\/collection-172-2-1439x2048.png 1439w, https:\/\/www.rives-paris.com\/wp-content\/uploads\/2023\/10\/collection-172-2.png 1799w\" sizes=\"auto, (max-width: 720px) 100vw, 720px\" \/><\/a><\/figure>\n\n\n\n<h3 class=\"wp-block-heading\"><a href=\"https:\/\/www.rives-paris.com\/en\/wedding\/3-pieces\/3-piece-look-05\/\">3 PIECE LOOK &#8211; 05<\/a><\/h3>\n<\/div><\/div>\n<\/div>\n\n\n\n<div class=\"wp-block-column is-layout-flow wp-block-column-is-layout-flow\">\n<div class=\"wp-block-group vignette-produit-sur-mesure\"><div class=\"wp-block-group__inner-container is-layout-constrained wp-block-group-is-layout-constrained\">\n<figure class=\"wp-block-image size-large\"><a href=\"https:\/\/www.rives-paris.com\/en\/wedding\/3-pieces\/3-piece-look-06\/\"><img loading=\"lazy\" decoding=\"async\" width=\"720\" height=\"1024\" src=\"https:\/\/www.rives-paris.com\/wp-content\/uploads\/2023\/10\/collection-177-720x1024.png\" alt=\"Tailor-made 3 Piece Wedding Suit with Blue Jacket | Rives Paris \u00a9\" class=\"wp-image-18239\" srcset=\"https:\/\/www.rives-paris.com\/wp-content\/uploads\/2023\/10\/collection-177-720x1024.png 720w, https:\/\/www.rives-paris.com\/wp-content\/uploads\/2023\/10\/collection-177-800x1138.png 800w, https:\/\/www.rives-paris.com\/wp-content\/uploads\/2023\/10\/collection-177-351x500.png 351w, https:\/\/www.rives-paris.com\/wp-content\/uploads\/2023\/10\/collection-177-768x1093.png 768w, https:\/\/www.rives-paris.com\/wp-content\/uploads\/2023\/10\/collection-177-1079x1536.png 1079w, https:\/\/www.rives-paris.com\/wp-content\/uploads\/2023\/10\/collection-177-1439x2048.png 1439w, https:\/\/www.rives-paris.com\/wp-content\/uploads\/2023\/10\/collection-177.png 1799w\" sizes=\"auto, (max-width: 720px) 100vw, 720px\" \/><\/a><\/figure>\n\n\n\n<h3 class=\"wp-block-heading\"><a href=\"https:\/\/www.rives-paris.com\/en\/wedding\/3-pieces\/3-piece-look-06\/\">3 PIECE LOOK &#8211; 06<\/a><\/h3>\n<\/div><\/div>\n<\/div>\n<\/div>\n\n\n\n<div class=\"wp-block-columns is-layout-flex wp-container-core-columns-is-layout-9d6595d7 wp-block-columns-is-layout-flex\">\n<div class=\"wp-block-column is-layout-flow wp-block-column-is-layout-flow\">\n<div class=\"wp-block-group vignette-produit-sur-mesure\"><div class=\"wp-block-group__inner-container is-layout-constrained wp-block-group-is-layout-constrained\">\n<figure class=\"wp-block-image size-large\"><a href=\"https:\/\/www.rives-paris.com\/en\/wedding\/3-pieces\/3-piece-look-07\/\"><img loading=\"lazy\" decoding=\"async\" width=\"720\" height=\"1024\" src=\"https:\/\/www.rives-paris.com\/wp-content\/uploads\/2023\/10\/collection-303-1-720x1024.png\" alt=\"3 Piece Tailor-made Wedding Suit | Rives Paris \u00a9\" class=\"wp-image-18244\" srcset=\"https:\/\/www.rives-paris.com\/wp-content\/uploads\/2023\/10\/collection-303-1-720x1024.png 720w, https:\/\/www.rives-paris.com\/wp-content\/uploads\/2023\/10\/collection-303-1-800x1138.png 800w, https:\/\/www.rives-paris.com\/wp-content\/uploads\/2023\/10\/collection-303-1-351x500.png 351w, https:\/\/www.rives-paris.com\/wp-content\/uploads\/2023\/10\/collection-303-1-768x1093.png 768w, https:\/\/www.rives-paris.com\/wp-content\/uploads\/2023\/10\/collection-303-1-1079x1536.png 1079w, https:\/\/www.rives-paris.com\/wp-content\/uploads\/2023\/10\/collection-303-1-1439x2048.png 1439w, https:\/\/www.rives-paris.com\/wp-content\/uploads\/2023\/10\/collection-303-1.png 1799w\" sizes=\"auto, (max-width: 720px) 100vw, 720px\" \/><\/a><\/figure>\n\n\n\n<h3 class=\"wp-block-heading\"><a href=\"https:\/\/www.rives-paris.com\/en\/wedding\/3-pieces\/3-piece-look-07\/\">3 PIECE LOOK &#8211; 07<\/a><\/h3>\n<\/div><\/div>\n<\/div>\n\n\n\n<div class=\"wp-block-column is-layout-flow wp-block-column-is-layout-flow\">\n<div class=\"wp-block-group vignette-produit-sur-mesure\"><div class=\"wp-block-group__inner-container is-layout-constrained wp-block-group-is-layout-constrained\">\n<figure class=\"wp-block-image size-large\"><a href=\"https:\/\/www.rives-paris.com\/en\/wedding\/3-pieces\/3-piece-look-08\/\"><img loading=\"lazy\" decoding=\"async\" width=\"720\" height=\"1024\" src=\"https:\/\/www.rives-paris.com\/wp-content\/uploads\/2023\/10\/collection-273-720x1024.png\" alt=\"Tailor-made Wedding Tuxedo 3 Pi\u00e8ces D\u00e9pareill\u00e9 | Rives Paris \u00a9\" class=\"wp-image-18247\" srcset=\"https:\/\/www.rives-paris.com\/wp-content\/uploads\/2023\/10\/collection-273-720x1024.png 720w, https:\/\/www.rives-paris.com\/wp-content\/uploads\/2023\/10\/collection-273-800x1138.png 800w, https:\/\/www.rives-paris.com\/wp-content\/uploads\/2023\/10\/collection-273-351x500.png 351w, https:\/\/www.rives-paris.com\/wp-content\/uploads\/2023\/10\/collection-273-768x1093.png 768w, https:\/\/www.rives-paris.com\/wp-content\/uploads\/2023\/10\/collection-273-1079x1536.png 1079w, https:\/\/www.rives-paris.com\/wp-content\/uploads\/2023\/10\/collection-273-1439x2048.png 1439w, https:\/\/www.rives-paris.com\/wp-content\/uploads\/2023\/10\/collection-273.png 1799w\" sizes=\"auto, (max-width: 720px) 100vw, 720px\" \/><\/a><\/figure>\n\n\n\n<h3 class=\"wp-block-heading\"><a href=\"https:\/\/www.rives-paris.com\/en\/wedding\/3-pieces\/3-piece-look-08\/\">3 PIECE LOOK &#8211; 08<\/a><\/h3>\n<\/div><\/div>\n<\/div>\n\n\n\n<div class=\"wp-block-column is-layout-flow wp-block-column-is-layout-flow\"><\/div>\n<\/div>\n<\/div><\/div>\n","protected":false},"excerpt":{"rendered":"<p>3-PIECE WEDDING LOOKS FOR YOUR INSPIRATION, RIVES OFFERS A SELECTION OF TAILOR-MADE 3-PIECE SUITS FOR WEDDINGS. 3 PIECE LOOK &#8211; 01 3 PIECE LOOK &#8211; 02 3 PIECE LOOK &#8211; 03 3 PIECE LOOK &#8211; 04 3 PIECE LOOK &#8211; 05 3 PIECE LOOK &#8211; 06 3 PIECE LOOK &#8211; 07 3 PIECE LOOK &#8211; [&hellip;]<\/p>\n","protected":false},"author":4,"featured_media":0,"parent":6253,"menu_order":8,"comment_status":"closed","ping_status":"closed","template":"template-famille-sur-mesure.php","meta":{"_acf_changed":false,"footnotes":""},"class_list":["post-23148","page","type-page","status-publish","hentry"],"acf":[],"yoast_head":"<!-- This site is optimized with the Yoast SEO plugin v27.5 - https:\/\/yoast.com\/product\/yoast-seo-wordpress\/ -->\n<title>Wedding Looks 3 Piece Suits | Rives Paris \u00a9 - Rives Paris<\/title>\n<meta name=\"description\" content=\"FOR YOUR INSPIRATION, RIVES OFFERS A SELECTION OF TAILOR-MADE 3-PIECE SUITS FOR WEDDINGS.\" \/>\n<meta name=\"robots\" content=\"index, follow, max-snippet:-1, max-image-preview:large, max-video-preview:-1\" \/>\n<link rel=\"canonical\" href=\"https:\/\/www.rives-paris.com\/en\/wedding\/3-pieces\/\" \/>\n<meta property=\"og:locale\" content=\"en_US\" \/>\n<meta property=\"og:type\" content=\"article\" \/>\n<meta property=\"og:title\" content=\"Wedding Looks 3 Piece Suits | Rives Paris \u00a9 - Rives Paris\" \/>\n<meta property=\"og:description\" content=\"FOR YOUR INSPIRATION, RIVES OFFERS A SELECTION OF TAILOR-MADE 3-PIECE SUITS FOR WEDDINGS.\" \/>\n<meta property=\"og:url\" content=\"https:\/\/www.rives-paris.com\/en\/wedding\/3-pieces\/\" \/>\n<meta property=\"og:site_name\" content=\"RIVES PARIS \u00ae\" \/>\n<meta property=\"article:publisher\" content=\"https:\/\/www.facebook.com\/rives.paris\/\" \/>\n<meta property=\"article:modified_time\" content=\"2024-03-07T00:52:37+00:00\" \/>\n<meta property=\"og:image\" content=\"https:\/\/www.rives-paris.com\/wp-content\/uploads\/2023\/10\/collection-299-2-720x1024.png\" \/>\n<meta name=\"twitter:card\" content=\"summary_large_image\" \/>\n<meta name=\"twitter:label1\" content=\"Est. reading time\" \/>\n\t<meta name=\"twitter:data1\" content=\"2 minutes\" \/>\n<!-- \/ Yoast SEO plugin. -->","yoast_head_json":{"title":"Wedding Looks 3 Piece Suits | Rives Paris \u00a9 - Rives Paris","description":"FOR YOUR INSPIRATION, RIVES OFFERS A SELECTION OF TAILOR-MADE 3-PIECE SUITS FOR WEDDINGS.","robots":{"index":"index","follow":"follow","max-snippet":"max-snippet:-1","max-image-preview":"max-image-preview:large","max-video-preview":"max-video-preview:-1"},"canonical":"https:\/\/www.rives-paris.com\/en\/wedding\/3-pieces\/","og_locale":"en_US","og_type":"article","og_title":"Wedding Looks 3 Piece Suits | Rives Paris \u00a9 - Rives Paris","og_description":"FOR YOUR INSPIRATION, RIVES OFFERS A SELECTION OF TAILOR-MADE 3-PIECE SUITS FOR WEDDINGS.","og_url":"https:\/\/www.rives-paris.com\/en\/wedding\/3-pieces\/","og_site_name":"RIVES PARIS \u00ae","article_publisher":"https:\/\/www.facebook.com\/rives.paris\/","article_modified_time":"2024-03-07T00:52:37+00:00","og_image":[{"url":"https:\/\/www.rives-paris.com\/wp-content\/uploads\/2023\/10\/collection-299-2-720x1024.png","type":"","width":"","height":""}],"twitter_card":"summary_large_image","twitter_misc":{"Est. reading time":"2 minutes"},"schema":{"@context":"https:\/\/schema.org","@graph":[{"@type":"WebPage","@id":"https:\/\/www.rives-paris.com\/en\/wedding\/3-pieces\/","url":"https:\/\/www.rives-paris.com\/en\/wedding\/3-pieces\/","name":"Wedding Looks 3 Piece Suits | Rives Paris \u00a9 - Rives Paris","isPartOf":{"@id":"https:\/\/www.rives-paris.com\/en\/#website"},"primaryImageOfPage":{"@id":"https:\/\/www.rives-paris.com\/en\/wedding\/3-pieces\/#primaryimage"},"image":{"@id":"https:\/\/www.rives-paris.com\/en\/wedding\/3-pieces\/#primaryimage"},"thumbnailUrl":"https:\/\/www.rives-paris.com\/wp-content\/uploads\/2023\/10\/collection-299-2-720x1024.png","datePublished":"2023-09-26T15:28:41+00:00","dateModified":"2024-03-07T00:52:37+00:00","description":"FOR YOUR INSPIRATION, RIVES OFFERS A SELECTION OF TAILOR-MADE 3-PIECE SUITS FOR WEDDINGS.","breadcrumb":{"@id":"https:\/\/www.rives-paris.com\/en\/wedding\/3-pieces\/#breadcrumb"},"inLanguage":"en-US","potentialAction":[{"@type":"ReadAction","target":["https:\/\/www.rives-paris.com\/en\/wedding\/3-pieces\/"]}]},{"@type":"ImageObject","inLanguage":"en-US","@id":"https:\/\/www.rives-paris.com\/en\/wedding\/3-pieces\/#primaryimage","url":"https:\/\/www.rives-paris.com\/wp-content\/uploads\/2023\/10\/collection-299-2-720x1024.png","contentUrl":"https:\/\/www.rives-paris.com\/wp-content\/uploads\/2023\/10\/collection-299-2-720x1024.png"},{"@type":"BreadcrumbList","@id":"https:\/\/www.rives-paris.com\/en\/wedding\/3-pieces\/#breadcrumb","itemListElement":[{"@type":"ListItem","position":1,"name":"Home","item":"https:\/\/www.rives-paris.com\/en\/"},{"@type":"ListItem","position":2,"name":"WEDDING","item":"https:\/\/www.rives-paris.com\/en\/wedding\/"},{"@type":"ListItem","position":3,"name":"3 pieces"}]},{"@type":"WebSite","@id":"https:\/\/www.rives-paris.com\/en\/#website","url":"https:\/\/www.rives-paris.com\/en\/","name":"RIVES PARIS \u00ae","description":"RIVES Paris propose des costumes sur mesure, des chemises, des chaussures et des accessoires confectionn\u00e9s dans des ateliers traditionnels","publisher":{"@id":"https:\/\/www.rives-paris.com\/en\/#organization"},"potentialAction":[{"@type":"SearchAction","target":{"@type":"EntryPoint","urlTemplate":"https:\/\/www.rives-paris.com\/en\/?s={search_term_string}"},"query-input":{"@type":"PropertyValueSpecification","valueRequired":true,"valueName":"search_term_string"}}],"inLanguage":"en-US"},{"@type":"Organization","@id":"https:\/\/www.rives-paris.com\/en\/#organization","name":"RIVES Paris.","url":"https:\/\/www.rives-paris.com\/en\/","logo":{"@type":"ImageObject","inLanguage":"en-US","@id":"https:\/\/www.rives-paris.com\/en\/#\/schema\/logo\/image\/","url":"https:\/\/www.rives-paris.com\/wp-content\/uploads\/2022\/02\/LOGO-RIVES-PARIS.svg","contentUrl":"https:\/\/www.rives-paris.com\/wp-content\/uploads\/2022\/02\/LOGO-RIVES-PARIS.svg","width":1,"height":1,"caption":"RIVES Paris."},"image":{"@id":"https:\/\/www.rives-paris.com\/en\/#\/schema\/logo\/image\/"},"sameAs":["https:\/\/www.facebook.com\/rives.paris\/","https:\/\/www.instagram.com\/rives_paris\/?hl=fr"]}]}},"_links":{"self":[{"href":"https:\/\/www.rives-paris.com\/en\/wp-json\/wp\/v2\/pages\/23148","targetHints":{"allow":["GET"]}}],"collection":[{"href":"https:\/\/www.rives-paris.com\/en\/wp-json\/wp\/v2\/pages"}],"about":[{"href":"https:\/\/www.rives-paris.com\/en\/wp-json\/wp\/v2\/types\/page"}],"author":[{"embeddable":true,"href":"https:\/\/www.rives-paris.com\/en\/wp-json\/wp\/v2\/users\/4"}],"replies":[{"embeddable":true,"href":"https:\/\/www.rives-paris.com\/en\/wp-json\/wp\/v2\/comments?post=23148"}],"version-history":[{"count":0,"href":"https:\/\/www.rives-paris.com\/en\/wp-json\/wp\/v2\/pages\/23148\/revisions"}],"up":[{"embeddable":true,"href":"https:\/\/www.rives-paris.com\/en\/wp-json\/wp\/v2\/pages\/6253"}],"wp:attachment":[{"href":"https:\/\/www.rives-paris.com\/en\/wp-json\/wp\/v2\/media?parent=23148"}],"curies":[{"name":"wp","href":"https:\/\/api.w.org\/{rel}","templated":true}]}}